{"id":13,"date":"2025-01-08T17:03:29","date_gmt":"2025-01-08T17:03:29","guid":{"rendered":"https:\/\/charming-grothendieck.82-223-216-36.plesk.page\/?page_id=13"},"modified":"2025-06-23T14:31:47","modified_gmt":"2025-06-23T14:31:47","slug":"bienvenidos","status":"publish","type":"page","link":"https:\/\/mgabogados.info\/index.php\/la-firma\/bienvenidos\/","title":{"rendered":"Bienvenidos"},"content":{"rendered":"<p>[et_pb_section fb_built=\u00bb1&#8243; custom_padding_last_edited=\u00bbon|desktop\u00bb admin_label=\u00bbAriel Header &#8211; Grace\u00bb module_class=\u00bbgrace_header_gemini grace_header_ariel\u00bb _builder_version=\u00bb4.16&#8243; _module_preset=\u00bbdefault\u00bb width=\u00bb100%\u00bb custom_padding=\u00bb131px||79px||false|false\u00bb custom_padding_tablet=\u00bb70px||30px||false|false\u00bb custom_padding_phone=\u00bb40px||40px||false|false\u00bb custom_css_before=\u00bbcontent: %22%22;||display: block;||background-color: #fafafa;||position: absolute;||height: 100%;||width: 44%;||top: 0;||left: 0;\u00bb locked=\u00bboff\u00bb collapsed=\u00bboff\u00bb global_colors_info=\u00bb{}\u00bb][et_pb_row column_structure=\u00bb1_2,1_2&#8243; use_custom_gutter=\u00bbon\u00bb gutter_width=\u00bb2&#8243; make_equal=\u00bbon\u00bb admin_label=\u00bbAriel Header &#8211; Grace &#8211; Row\u00bb module_class=\u00bbreverse\u00bb _builder_version=\u00bb4.27.4&#8243; _module_preset=\u00bbdefault\u00bb width=\u00bb90%\u00bb max_width=\u00bb1170px\u00bb custom_css_main_element=\u00bb align-items: center;\u00bb global_colors_info=\u00bb{}\u00bb][et_pb_column type=\u00bb1_2&#8243; _builder_version=\u00bb4.16&#8243; _module_preset=\u00bbdefault\u00bb custom_padding=\u00bb||||false|false\u00bb custom_padding_tablet=\u00bb0px||||false|false\u00bb custom_padding_last_edited=\u00bboff|desktop\u00bb custom_css_main_element=\u00bb width: 46.7%!important;|| margin-right: 8.4%!important;\u00bb global_colors_info=\u00bb{}\u00bb][et_pb_image src=\u00bbhttps:\/\/mgabogados.info\/wp-content\/uploads\/2025\/01\/Maria-Cristina.jpeg\u00bb title_text=\u00bbMaria Cristina\u00bb admin_label=\u00bbAriel Header &#8211; Grace &#8211; Image &#8211; Image size:548x548px\u00bb _builder_version=\u00bb4.27.4&#8243; _module_preset=\u00bbdefault\u00bb width=\u00bb76%\u00bb module_alignment=\u00bbcenter\u00bb custom_css_before=\u00bbcontent: %22%22;||display: block;||width: 135px;|| height: 135px;|| background-image: repeating-linear-gradient( ||-45deg, transparent, transparent 10px, #d0d0d0 11px, #d0d0d0 12px );||position:absolute;||top: -59px;||left: -59px;\u00bb custom_css_after=\u00bbcontent: %22%22;||display: block;||width: 135px;|| height: 135px;|| background-image: repeating-linear-gradient( ||-45deg, transparent, transparent 10px, #d0d0d0 11px, #d0d0d0 12px );||position:absolute;||bottom: -69px;||right: 42px;||z-index: 19;\u00bb global_colors_info=\u00bb{}\u00bb][\/et_pb_image][\/et_pb_column][et_pb_column type=\u00bb1_2&#8243; _builder_version=\u00bb4.16&#8243; _module_preset=\u00bbdefault\u00bb custom_css_main_element=\u00bb width: 44.9%!important\u00bb global_colors_info=\u00bb{}\u00bb][et_pb_text admin_label=\u00bbAriel Header &#8211; Grace &#8211; Text &#8211; Inspire the next\u00bb _builder_version=\u00bb4.27.4&#8243; _module_preset=\u00bbdefault\u00bb text_font=\u00bbKarla||||||||\u00bb text_text_color=\u00bb#d1ab7d\u00bb text_line_height=\u00bb120%\u00bb text_orientation_tablet=\u00bb\u00bb text_orientation_phone=\u00bbcenter\u00bb text_orientation_last_edited=\u00bbon|phone\u00bb custom_css_main_element=\u00bbfont-weight: 400;\u00bb global_colors_info=\u00bb{}\u00bb]<\/p>\n<p>Siempre por el buen camino<\/p>\n<p>[\/et_pb_text][et_pb_cta title=\u00bbMG ABOGADOS\u00bb button_url=\u00bb\/index.php\/contacto\/\u00bb button_text=\u00bbCONTACTA CON NOSOTROS\u00bb admin_label=\u00bbAriel Header &#8211; Grace &#8211; Call To Action &#8211; It\u2019s time to clarify your direction\u00bb _builder_version=\u00bb4.27.4&#8243; _module_preset=\u00bbdefault\u00bb header_font=\u00bbMarcellus||||||||\u00bb header_text_color=\u00bb#2c396b\u00bb header_font_size=\u00bb60px\u00bb header_line_height=\u00bb103%\u00bb body_font=\u00bbKarla||||||||\u00bb body_text_color=\u00bb#968f8d\u00bb body_line_height=\u00bb170%\u00bb use_background_color=\u00bboff\u00bb custom_button=\u00bbon\u00bb button_text_size=\u00bb18px\u00bb button_text_color=\u00bb#FFFFFF\u00bb button_bg_color=\u00bb#d1ab7d\u00bb button_border_width=\u00bb0px\u00bb button_border_radius=\u00bb5px\u00bb button_font=\u00bbKarla||||||||\u00bb button_use_icon=\u00bboff\u00bb button_custom_margin=\u00bb0px||||false|false\u00bb button_custom_margin_tablet=\u00bb15px||||false|false\u00bb button_custom_margin_last_edited=\u00bboff|desktop\u00bb button_custom_padding=\u00bb9px|32px|9px|32px|true|true\u00bb text_orientation=\u00bbleft\u00bb max_width=\u00bb100%\u00bb max_width_tablet=\u00bb\u00bb max_width_phone=\u00bb100%\u00bb max_width_last_edited=\u00bbon|tablet\u00bb custom_margin=\u00bb||68px||false|false\u00bb custom_margin_tablet=\u00bb||50px||false|false\u00bb custom_margin_phone=\u00bb\u00bb custom_margin_last_edited=\u00bbon|tablet\u00bb header_font_size_tablet=\u00bb36px\u00bb header_font_size_phone=\u00bb30px\u00bb header_font_size_last_edited=\u00bbon|tablet\u00bb body_font_size_tablet=\u00bb16px\u00bb body_font_size_last_edited=\u00bboff|desktop\u00bb text_orientation_tablet=\u00bb\u00bb text_orientation_phone=\u00bbcenter\u00bb text_orientation_last_edited=\u00bbon|phone\u00bb custom_css_promo_description=\u00bbfont-weight: 400;|| padding-bottom: 24px;\u00bb custom_css_promo_title=\u00bb padding-bottom: 23px;\u00bb global_colors_info=\u00bb{}\u00bb button_bg_color__hover_enabled=\u00bboff|hover\u00bb button_bg_enable_color__hover=\u00bboff\u00bb button_text_size__hover_enabled=\u00bbon|hover\u00bb button_text_size__hover=\u00bb20px\u00bb]<\/p>\n<p>Bienvenidos a MG abogados,<\/p>\n<p>En nuestro despacho encontrar\u00e1 un equipo de abogados comprometidos y apasionados por defender sus derechos. Valoramos cada historia y entendemos que cada caso es \u00fanico. Estamos aqu\u00ed para escucharle y ayudarle en cada paso del camino, brind\u00e1ndole el apoyo y la asesor\u00eda legal que necesita.<\/p>\n<p>Su confianza es nuestra prioridad, y nos dedicamos a ofrecerle un servicio personal.<\/p>\n<p>[\/et_pb_cta][\/et_pb_column][\/et_pb_row][\/et_pb_section][et_pb_section fb_built=\u00bb1&#8243; _builder_version=\u00bb4.27.4&#8243; _module_preset=\u00bbdefault\u00bb background_enable_color=\u00bboff\u00bb locked=\u00bboff\u00bb global_colors_info=\u00bb{}\u00bb][et_pb_row admin_label=\u00bbPrey Testimonial &#8211; Grace &#8211; Row\u00bb _builder_version=\u00bb4.16&#8243; _module_preset=\u00bbdefault\u00bb width=\u00bb90%\u00bb max_width=\u00bb1170px\u00bb locked=\u00bboff\u00bb global_colors_info=\u00bb{}\u00bb][et_pb_column type=\u00bb4_4&#8243; _builder_version=\u00bb4.16&#8243; _module_preset=\u00bbdefault\u00bb global_colors_info=\u00bb{}\u00bb][et_pb_cta admin_label=\u00bbPrey Testimonial &#8211; Grace &#8211; Call To Action &#8211; Testimonials\u00bb _builder_version=\u00bb4.27.4&#8243; _module_preset=\u00bbdefault\u00bb header_font=\u00bbKarla||||||||\u00bb header_text_color=\u00bb#d1ab7d\u00bb header_font_size=\u00bb18px\u00bb header_line_height=\u00bb120%\u00bb body_font=\u00bbMarcellus||||||||\u00bb body_text_color=\u00bb#2c396b\u00bb body_font_size=\u00bb50px\u00bb body_line_height=\u00bb100%\u00bb use_background_color=\u00bboff\u00bb max_width=\u00bb900px\u00bb module_alignment=\u00bbcenter\u00bb hover_enabled=\u00bb0&#8243; body_font_size_tablet=\u00bb40px\u00bb body_font_size_phone=\u00bb24px\u00bb body_font_size_last_edited=\u00bbon|phone\u00bb custom_css_promo_title=\u00bb padding-bottom: 17px;\u00bb global_colors_info=\u00bb{}\u00bb sticky_enabled=\u00bb0&#8243;]<\/p>\n<p>Qu\u00e9 nos define<\/p>\n<p>[\/et_pb_cta][\/et_pb_column][\/et_pb_row][et_pb_row column_structure=\u00bb1_3,1_3,1_3&#8243; _builder_version=\u00bb4.27.4&#8243; _module_preset=\u00bbdefault\u00bb global_colors_info=\u00bb{}\u00bb][et_pb_column type=\u00bb1_3&#8243; _builder_version=\u00bb4.27.4&#8243; _module_preset=\u00bbdefault\u00bb global_colors_info=\u00bb{}\u00bb][et_pb_blurb title=\u00bbMisi\u00f3n\u00bb image=\u00bbhttps:\/\/mgabogados.info\/wp-content\/uploads\/2025\/03\/entrevista-2.png\u00bb _builder_version=\u00bb4.27.4&#8243; _module_preset=\u00bbdefault\u00bb hover_enabled=\u00bb0&#8243; global_colors_info=\u00bb{}\u00bb sticky_enabled=\u00bb0&#8243;]<\/p>\n<p>Ofrecerte asesor\u00eda legal especializada y personalizada, respaldada por un profundo conocimiento de cada \u00e1rea del derecho. Nos comprometemos a escucharte&#8230;<\/p>\n<p>[\/et_pb_blurb][et_pb_button button_url=\u00bb\/index.php\/la-firma\/mision-vision-y-valores\/#mision\u00bb button_text=\u00bbVer m\u00e1s\u00bb admin_label=\u00bbShadows Blurbs &#8211; Grace &#8211; Button\u00bb _builder_version=\u00bb4.27.4&#8243; _module_preset=\u00bb8f77ba3a-977f-421a-8f7e-aaea313379ff\u00bb custom_margin=\u00bb|||0px|false|false\u00bb custom_margin_tablet=\u00bb||20px||false|false\u00bb custom_margin_phone=\u00bb||20px||false|false\u00bb custom_margin_last_edited=\u00bbon|tablet\u00bb hover_enabled=\u00bb0&#8243; global_colors_info=\u00bb{}\u00bb sticky_enabled=\u00bb0&#8243;][\/et_pb_button][\/et_pb_column][et_pb_column type=\u00bb1_3&#8243; _builder_version=\u00bb4.27.4&#8243; _module_preset=\u00bbdefault\u00bb global_colors_info=\u00bb{}\u00bb][et_pb_blurb title=\u00bbVisi\u00f3n\u00bb image=\u00bbhttps:\/\/mgabogados.info\/wp-content\/uploads\/2025\/03\/relacion-de-negocios-1.png\u00bb _builder_version=\u00bb4.27.4&#8243; _module_preset=\u00bbdefault\u00bb global_colors_info=\u00bb{}\u00bb]<\/p>\n<p>Ser el despacho de abogados que inspire confianza y empoderamiento, donde nuestra pasi\u00f3n por la justicia y el servicio al cliente nos impulsa&#8230;<\/p>\n<p>[\/et_pb_blurb][et_pb_button button_url=\u00bb\/index.php\/la-firma\/mision-vision-y-valores\/#vision\u00bb button_text=\u00bbVer m\u00e1s\u00bb admin_label=\u00bbShadows Blurbs &#8211; Grace &#8211; Button\u00bb _builder_version=\u00bb4.27.4&#8243; _module_preset=\u00bb8f77ba3a-977f-421a-8f7e-aaea313379ff\u00bb custom_margin=\u00bb|||0px|false|false\u00bb custom_margin_tablet=\u00bb||25px||false|false\u00bb custom_margin_phone=\u00bb||25px||false|false\u00bb custom_margin_last_edited=\u00bbon|tablet\u00bb global_colors_info=\u00bb{}\u00bb][\/et_pb_button][\/et_pb_column][et_pb_column type=\u00bb1_3&#8243; _builder_version=\u00bb4.27.4&#8243; _module_preset=\u00bbdefault\u00bb global_colors_info=\u00bb{}\u00bb][et_pb_blurb title=\u00bbValores\u00bb image=\u00bbhttps:\/\/mgabogados.info\/wp-content\/uploads\/2025\/03\/etica-de-negocios-1.png\u00bb _builder_version=\u00bb4.27.4&#8243; _module_preset=\u00bbdefault\u00bb global_colors_info=\u00bb{}\u00bb]<\/p>\n<p><span style=\"text-decoration: underline;\"><strong>Pasi\u00f3n<\/strong><\/span>: No solo define qui\u00e9nes somos como abogados, siendo el coraz\u00f3n de nuestro despacho. Estamos aqu\u00ed para hacer una diferencia&#8230;<\/p>\n<p>[\/et_pb_blurb][et_pb_button button_url=\u00bb\/index.php\/la-firma\/mision-vision-y-valores\/#valores\u00bb button_text=\u00bbVer m\u00e1s\u00bb admin_label=\u00bbShadows Blurbs &#8211; Grace &#8211; Button\u00bb _builder_version=\u00bb4.27.4&#8243; _module_preset=\u00bb8f77ba3a-977f-421a-8f7e-aaea313379ff\u00bb custom_margin=\u00bb|||0px|false|false\u00bb global_colors_info=\u00bb{}\u00bb][\/et_pb_button][\/et_pb_column][\/et_pb_row][\/et_pb_section][et_pb_section fb_built=\u00bb1&#8243; custom_padding_last_edited=\u00bboff|desktop\u00bb admin_label=\u00bbServices Page V2 CTA &#8211; Grace\u00bb _builder_version=\u00bb4.27.4&#8243; background_color=\u00bb#d1ab7d\u00bb custom_padding_tablet=\u00bb60px||60px||false|false\u00bb locked=\u00bboff\u00bb collapsed=\u00bboff\u00bb global_colors_info=\u00bb{}\u00bb][et_pb_row use_custom_gutter=\u00bbon\u00bb custom_padding_last_edited=\u00bboff|phone\u00bb admin_label=\u00bbServices Page V2 CTA &#8211; Grace &#8211; Row\u00bb _builder_version=\u00bb4.27.4&#8243; max_width=\u00bb1170px\u00bb custom_padding=\u00bb0px||0px||false|false\u00bb use_custom_width=\u00bbon\u00bb custom_width_px=\u00bb1170px\u00bb collapsed=\u00bboff\u00bb global_colors_info=\u00bb{}\u00bb][et_pb_column type=\u00bb4_4&#8243; _builder_version=\u00bb4.16&#8243; custom_padding=\u00bb|||\u00bb global_colors_info=\u00bb{}\u00bb custom_padding__hover=\u00bb|||\u00bb][et_pb_cta title=\u00bb\u00bfNecesitas asesoramiento?\u00bb button_url=\u00bb\/index.php\/contacto\/\u00bb button_text=\u00bbCont\u00e1ctanos\u00bb _builder_version=\u00bb4.27.4&#8243; _module_preset=\u00bbdefault\u00bb header_font=\u00bb&#8211;et_global_body_font||||||||\u00bb header_font_size=\u00bb18px\u00bb header_line_height=\u00bb1.1em\u00bb body_font=\u00bbMarcellus||||||||\u00bb body_text_color=\u00bb#2c396d\u00bb body_font_size=\u00bb64px\u00bb body_line_height=\u00bb1.4em\u00bb background_enable_color=\u00bboff\u00bb use_background_color=\u00bboff\u00bb custom_button=\u00bbon\u00bb button_text_size=\u00bb20px\u00bb button_border_width=\u00bb2px\u00bb button_font=\u00bb&#8211;et_global_body_font|500|||||||\u00bb button_use_icon=\u00bboff\u00bb custom_padding=\u00bb30px|0px|30px|0px|true|false\u00bb header_font_size_tablet=\u00bb18px\u00bb header_font_size_phone=\u00bb18px\u00bb header_font_size_last_edited=\u00bbon|phone\u00bb body_font_size_tablet=\u00bb30px\u00bb body_font_size_phone=\u00bb24px\u00bb body_font_size_last_edited=\u00bbon|phone\u00bb button_text_size_tablet=\u00bb18px\u00bb button_text_size_phone=\u00bb18px\u00bb button_text_size_last_edited=\u00bbon|tablet\u00bb custom_css_promo_description=\u00bbmargin-bottom:15px;\u00bb custom_css_promo_title=\u00bbmargin-bottom:15px;\u00bb global_colors_info=\u00bb{}\u00bb button_text_size__hover_enabled=\u00bbon|desktop\u00bb button_text_size__hover=\u00bb22px\u00bb]<\/p>\n<p>Estaremos encantados de atenderte<\/p>\n<p>[\/et_pb_cta][\/et_pb_column][\/et_pb_row][\/et_pb_section]<\/p>\n","protected":false},"excerpt":{"rendered":"<p>Siempre por el buen caminoBienvenidos a MG abogados, En nuestro despacho encontrar\u00e1 un equipo de abogados comprometidos y apasionados por defender sus derechos. Valoramos cada historia y entendemos que cada caso es \u00fanico. Estamos aqu\u00ed para escucharle y ayudarle en cada paso del camino, brind\u00e1ndole el apoyo y la asesor\u00eda legal que necesita. Su confianza [&hellip;]<\/p>\n","protected":false},"author":1,"featured_media":0,"parent":11,"menu_order":0,"comment_status":"closed","ping_status":"closed","template":"","meta":{"_et_pb_use_builder":"on","_et_pb_old_content":"<!-- wp:divi\/placeholder \/-->","_et_gb_content_width":"","footnotes":""},"class_list":["post-13","page","type-page","status-publish","hentry"],"yoast_head":"<!-- This site is optimized with the Yoast SEO plugin v26.0 - https:\/\/yoast.com\/wordpress\/plugins\/seo\/ -->\n<title>Bienvenidos - MG Abogados<\/title>\n<meta name=\"robots\" content=\"index, follow, max-snippet:-1, max-image-preview:large, max-video-preview:-1\" \/>\n<link rel=\"canonical\" href=\"https:\/\/mgabogados.info\/index.php\/la-firma\/bienvenidos\/\" \/>\n<meta property=\"og:locale\" content=\"es_ES\" \/>\n<meta property=\"og:type\" content=\"article\" \/>\n<meta property=\"og:title\" content=\"Bienvenidos - MG Abogados\" \/>\n<meta property=\"og:description\" content=\"Siempre por el buen caminoBienvenidos a MG abogados, En nuestro despacho encontrar\u00e1 un equipo de abogados comprometidos y apasionados por defender sus derechos. Valoramos cada historia y entendemos que cada caso es \u00fanico. Estamos aqu\u00ed para escucharle y ayudarle en cada paso del camino, brind\u00e1ndole el apoyo y la asesor\u00eda legal que necesita. Su confianza [&hellip;]\" \/>\n<meta property=\"og:url\" content=\"https:\/\/mgabogados.info\/index.php\/la-firma\/bienvenidos\/\" \/>\n<meta property=\"og:site_name\" content=\"MG Abogados\" \/>\n<meta property=\"article:modified_time\" content=\"2025-06-23T14:31:47+00:00\" \/>\n<meta name=\"twitter:card\" content=\"summary_large_image\" \/>\n<meta name=\"twitter:label1\" content=\"Tiempo de lectura\" \/>\n\t<meta name=\"twitter:data1\" content=\"7 minutos\" \/>\n<script type=\"application\/ld+json\" class=\"yoast-schema-graph\">{\"@context\":\"https:\/\/schema.org\",\"@graph\":[{\"@type\":\"WebPage\",\"@id\":\"https:\/\/mgabogados.info\/index.php\/la-firma\/bienvenidos\/\",\"url\":\"https:\/\/mgabogados.info\/index.php\/la-firma\/bienvenidos\/\",\"name\":\"Bienvenidos - MG Abogados\",\"isPartOf\":{\"@id\":\"https:\/\/mgabogados.info\/#website\"},\"datePublished\":\"2025-01-08T17:03:29+00:00\",\"dateModified\":\"2025-06-23T14:31:47+00:00\",\"breadcrumb\":{\"@id\":\"https:\/\/mgabogados.info\/index.php\/la-firma\/bienvenidos\/#breadcrumb\"},\"inLanguage\":\"es\",\"potentialAction\":[{\"@type\":\"ReadAction\",\"target\":[\"https:\/\/mgabogados.info\/index.php\/la-firma\/bienvenidos\/\"]}]},{\"@type\":\"BreadcrumbList\",\"@id\":\"https:\/\/mgabogados.info\/index.php\/la-firma\/bienvenidos\/#breadcrumb\",\"itemListElement\":[{\"@type\":\"ListItem\",\"position\":1,\"name\":\"Portada\",\"item\":\"https:\/\/mgabogados.info\/\"},{\"@type\":\"ListItem\",\"position\":2,\"name\":\"La firma\",\"item\":\"https:\/\/mgabogados.info\/index.php\/la-firma\/\"},{\"@type\":\"ListItem\",\"position\":3,\"name\":\"Bienvenidos\"}]},{\"@type\":\"WebSite\",\"@id\":\"https:\/\/mgabogados.info\/#website\",\"url\":\"https:\/\/mgabogados.info\/\",\"name\":\"MG Abogados\",\"description\":\"MG Abogados en el Vendrell\",\"publisher\":{\"@id\":\"https:\/\/mgabogados.info\/#organization\"},\"potentialAction\":[{\"@type\":\"SearchAction\",\"target\":{\"@type\":\"EntryPoint\",\"urlTemplate\":\"https:\/\/mgabogados.info\/?s={search_term_string}\"},\"query-input\":{\"@type\":\"PropertyValueSpecification\",\"valueRequired\":true,\"valueName\":\"search_term_string\"}}],\"inLanguage\":\"es\"},{\"@type\":\"Organization\",\"@id\":\"https:\/\/mgabogados.info\/#organization\",\"name\":\"MG Abogados\",\"url\":\"https:\/\/mgabogados.info\/\",\"logo\":{\"@type\":\"ImageObject\",\"inLanguage\":\"es\",\"@id\":\"https:\/\/mgabogados.info\/#\/schema\/logo\/image\/\",\"url\":\"https:\/\/mgabogados.info\/wp-content\/uploads\/2025\/03\/favic.png\",\"contentUrl\":\"https:\/\/mgabogados.info\/wp-content\/uploads\/2025\/03\/favic.png\",\"width\":315,\"height\":158,\"caption\":\"MG Abogados\"},\"image\":{\"@id\":\"https:\/\/mgabogados.info\/#\/schema\/logo\/image\/\"}}]}<\/script>\n<!-- \/ Yoast SEO plugin. -->","yoast_head_json":{"title":"Bienvenidos - MG Abogados","robots":{"index":"index","follow":"follow","max-snippet":"max-snippet:-1","max-image-preview":"max-image-preview:large","max-video-preview":"max-video-preview:-1"},"canonical":"https:\/\/mgabogados.info\/index.php\/la-firma\/bienvenidos\/","og_locale":"es_ES","og_type":"article","og_title":"Bienvenidos - MG Abogados","og_description":"Siempre por el buen caminoBienvenidos a MG abogados, En nuestro despacho encontrar\u00e1 un equipo de abogados comprometidos y apasionados por defender sus derechos. Valoramos cada historia y entendemos que cada caso es \u00fanico. Estamos aqu\u00ed para escucharle y ayudarle en cada paso del camino, brind\u00e1ndole el apoyo y la asesor\u00eda legal que necesita. Su confianza [&hellip;]","og_url":"https:\/\/mgabogados.info\/index.php\/la-firma\/bienvenidos\/","og_site_name":"MG Abogados","article_modified_time":"2025-06-23T14:31:47+00:00","twitter_card":"summary_large_image","twitter_misc":{"Tiempo de lectura":"7 minutos"},"schema":{"@context":"https:\/\/schema.org","@graph":[{"@type":"WebPage","@id":"https:\/\/mgabogados.info\/index.php\/la-firma\/bienvenidos\/","url":"https:\/\/mgabogados.info\/index.php\/la-firma\/bienvenidos\/","name":"Bienvenidos - MG Abogados","isPartOf":{"@id":"https:\/\/mgabogados.info\/#website"},"datePublished":"2025-01-08T17:03:29+00:00","dateModified":"2025-06-23T14:31:47+00:00","breadcrumb":{"@id":"https:\/\/mgabogados.info\/index.php\/la-firma\/bienvenidos\/#breadcrumb"},"inLanguage":"es","potentialAction":[{"@type":"ReadAction","target":["https:\/\/mgabogados.info\/index.php\/la-firma\/bienvenidos\/"]}]},{"@type":"BreadcrumbList","@id":"https:\/\/mgabogados.info\/index.php\/la-firma\/bienvenidos\/#breadcrumb","itemListElement":[{"@type":"ListItem","position":1,"name":"Portada","item":"https:\/\/mgabogados.info\/"},{"@type":"ListItem","position":2,"name":"La firma","item":"https:\/\/mgabogados.info\/index.php\/la-firma\/"},{"@type":"ListItem","position":3,"name":"Bienvenidos"}]},{"@type":"WebSite","@id":"https:\/\/mgabogados.info\/#website","url":"https:\/\/mgabogados.info\/","name":"MG Abogados","description":"MG Abogados en el Vendrell","publisher":{"@id":"https:\/\/mgabogados.info\/#organization"},"potentialAction":[{"@type":"SearchAction","target":{"@type":"EntryPoint","urlTemplate":"https:\/\/mgabogados.info\/?s={search_term_string}"},"query-input":{"@type":"PropertyValueSpecification","valueRequired":true,"valueName":"search_term_string"}}],"inLanguage":"es"},{"@type":"Organization","@id":"https:\/\/mgabogados.info\/#organization","name":"MG Abogados","url":"https:\/\/mgabogados.info\/","logo":{"@type":"ImageObject","inLanguage":"es","@id":"https:\/\/mgabogados.info\/#\/schema\/logo\/image\/","url":"https:\/\/mgabogados.info\/wp-content\/uploads\/2025\/03\/favic.png","contentUrl":"https:\/\/mgabogados.info\/wp-content\/uploads\/2025\/03\/favic.png","width":315,"height":158,"caption":"MG Abogados"},"image":{"@id":"https:\/\/mgabogados.info\/#\/schema\/logo\/image\/"}}]}},"_links":{"self":[{"href":"https:\/\/mgabogados.info\/index.php\/wp-json\/wp\/v2\/pages\/13","targetHints":{"allow":["GET"]}}],"collection":[{"href":"https:\/\/mgabogados.info\/index.php\/wp-json\/wp\/v2\/pages"}],"about":[{"href":"https:\/\/mgabogados.info\/index.php\/wp-json\/wp\/v2\/types\/page"}],"author":[{"embeddable":true,"href":"https:\/\/mgabogados.info\/index.php\/wp-json\/wp\/v2\/users\/1"}],"replies":[{"embeddable":true,"href":"https:\/\/mgabogados.info\/index.php\/wp-json\/wp\/v2\/comments?post=13"}],"version-history":[{"count":10,"href":"https:\/\/mgabogados.info\/index.php\/wp-json\/wp\/v2\/pages\/13\/revisions"}],"predecessor-version":[{"id":385653,"href":"https:\/\/mgabogados.info\/index.php\/wp-json\/wp\/v2\/pages\/13\/revisions\/385653"}],"up":[{"embeddable":true,"href":"https:\/\/mgabogados.info\/index.php\/wp-json\/wp\/v2\/pages\/11"}],"wp:attachment":[{"href":"https:\/\/mgabogados.info\/index.php\/wp-json\/wp\/v2\/media?parent=13"}],"curies":[{"name":"wp","href":"https:\/\/api.w.org\/{rel}","templated":true}]}}