{"id":15,"date":"2025-01-08T17:03:53","date_gmt":"2025-01-08T17:03:53","guid":{"rendered":"https:\/\/charming-grothendieck.82-223-216-36.plesk.page\/?page_id=15"},"modified":"2025-03-14T17:05:10","modified_gmt":"2025-03-14T17:05:10","slug":"mision-vision-y-valores","status":"publish","type":"page","link":"https:\/\/mgabogados.info\/index.php\/la-firma\/mision-vision-y-valores\/","title":{"rendered":"Misi\u00f3n\/Visi\u00f3n y valores"},"content":{"rendered":"<p>[et_pb_section fb_built=\u00bb1&#8243; custom_padding_last_edited=\u00bboff|desktop\u00bb admin_label=\u00bbNaos Content &#8211; Grace\u00bb module_class=\u00bbgrace_content_naos grace_life_coach1_content_naos\u00bb _builder_version=\u00bb4.27.4&#8243; background_color=\u00bb#000000&#8243; custom_padding=\u00bb0px||0px||false|false\u00bb custom_padding_tablet=\u00bb60px||0px||false|false\u00bb custom_padding_phone=\u00bb60px||0px||false|false\u00bb z_index_tablet=\u00bb500&#8243; custom_css_main_element=\u00bb overflow: hidden;\u00bb locked=\u00bboff\u00bb collapsed=\u00bbon\u00bb global_colors_info=\u00bb{}\u00bb][et_pb_row custom_padding_last_edited=\u00bboff|desktop\u00bb admin_label=\u00bbNaos Content &#8211; Grace &#8211; Row\u00bb module_class=\u00bbvideo-popup-2&#8243; _builder_version=\u00bb4.27.4&#8243; width=\u00bb100%\u00bb max_width=\u00bb100%\u00bb custom_padding=\u00bb0px||0px||true|false\u00bb custom_padding_tablet=\u00bb||||false|false\u00bb global_colors_info=\u00bb{}\u00bb][et_pb_column type=\u00bb4_4&#8243; _builder_version=\u00bb4.27.4&#8243; custom_padding=\u00bb|||\u00bb global_colors_info=\u00bb{}\u00bb custom_padding__hover=\u00bb|||\u00bb][et_pb_slider use_bg_overlay=\u00bbon\u00bb bg_overlay_color=\u00bbrgba(0,0,0,0.22)\u00bb _builder_version=\u00bb4.27.4&#8243; _module_preset=\u00bbdefault\u00bb custom_padding=\u00bb165px||165px||true|\u00bb custom_padding_tablet=\u00bb100px||100px||true|false\u00bb custom_padding_phone=\u00bb50px||50px||true|false\u00bb custom_padding_last_edited=\u00bbon|phone\u00bb global_colors_info=\u00bb{}\u00bb][et_pb_slide _builder_version=\u00bb4.27.4&#8243; _module_preset=\u00bbdefault\u00bb body_font=\u00bb|700|||||||\u00bb body_font_size=\u00bb30px\u00bb body_line_height=\u00bb1.8em\u00bb background_image=\u00bbhttps:\/\/mgabogados.info\/wp-content\/uploads\/2025\/01\/bannerhome2.jpg\u00bb background_enable_image=\u00bbon\u00bb global_colors_info=\u00bb{}\u00bb sticky_transition=\u00bbon\u00bb]<\/p>\n<p><em>Abre tu boca por los mudos, por los derechos de todos los desdichados. Abre tu boca, juzga con justicia, y defiende los derechos del afligido y del necesitado<\/em><\/p>\n<p>[\/et_pb_slide][\/et_pb_slider][\/et_pb_column][\/et_pb_row][\/et_pb_section][et_pb_section fb_built=\u00bb1&#8243; _builder_version=\u00bb4.27.4&#8243; _module_preset=\u00bbdefault\u00bb global_colors_info=\u00bb{}\u00bb][et_pb_row admin_label=\u00bbBond Content &#8211; Grace &#8211; Row\u00bb _builder_version=\u00bb4.17.6&#8243; _module_preset=\u00bbdefault\u00bb width=\u00bb90%\u00bb max_width=\u00bb1170px\u00bb custom_padding=\u00bb||0px||false|false\u00bb locked=\u00bboff\u00bb global_colors_info=\u00bb{}\u00bb][et_pb_column type=\u00bb4_4&#8243; _builder_version=\u00bb4.17.6&#8243; _module_preset=\u00bbdefault\u00bb global_colors_info=\u00bb{}\u00bb][et_pb_cta admin_label=\u00bbBond Content &#8211; Grace &#8211; Call To Action &#8211; Work process\u00bb _builder_version=\u00bb4.27.4&#8243; _module_preset=\u00bbdefault\u00bb header_font=\u00bbBarlow|500|||||||\u00bb header_text_color=\u00bb#d1ab7d\u00bb header_font_size=\u00bb16px\u00bb header_line_height=\u00bb120%\u00bb body_font=\u00bbMarcellus||||||||\u00bb body_text_color=\u00bb#2c396b\u00bb body_font_size=\u00bb38px\u00bb body_line_height=\u00bb120%\u00bb use_background_color=\u00bboff\u00bb body_font_size_tablet=\u00bb30px\u00bb body_font_size_phone=\u00bb26px\u00bb body_font_size_last_edited=\u00bbon|tablet\u00bb custom_css_after=\u00bb    content: %22%22;||    display: block;||    width: 75px;||    height: 3px;||    background-color: #d1ab7d;||    margin: 5px auto 0;\u00bb custom_css_promo_title=\u00bb    padding-bottom: 10px;\u00bb global_colors_info=\u00bb{}\u00bb]Misi\u00f3n, Visi\u00f3n y Valores[\/et_pb_cta][\/et_pb_column][\/et_pb_row][et_pb_row column_structure=\u00bb1_2,1_2&#8243; use_custom_gutter=\u00bbon\u00bb gutter_width=\u00bb2&#8243; admin_label=\u00bbBond Content &#8211; Grace &#8211; Row\u00bb _builder_version=\u00bb4.27.4&#8243; _module_preset=\u00bbdefault\u00bb width=\u00bb90%\u00bb max_width=\u00bb1170px\u00bb custom_padding=\u00bb55px||||false|false\u00bb hover_enabled=\u00bb0&#8243; locked=\u00bboff\u00bb global_colors_info=\u00bb{}\u00bb sticky_enabled=\u00bb0&#8243;][et_pb_column type=\u00bb1_2&#8243; _builder_version=\u00bb4.17.6&#8243; _module_preset=\u00bbdefault\u00bb custom_padding=\u00bb|||39px|false|false\u00bb custom_css_before=\u00bb    content: %22%22;||    display: block;||    width: 20px;||    height: 2px;||    background-color: #d1ab7d;||    position: absolute;||    top: 22px;||left: 0;\u00bb global_colors_info=\u00bb{}\u00bb][et_pb_cta title=\u00bbMISI\u00d3N\u00bb admin_label=\u00bbBond Content &#8211; Grace &#8211; Call To Action &#8211; Brainstorming\u00bb module_id=\u00bbvision\u00bb _builder_version=\u00bb4.27.4&#8243; _module_preset=\u00bbdefault\u00bb header_font=\u00bb&#8211;et_global_heading_font|500|||||||\u00bb header_text_color=\u00bb#2c396b\u00bb header_font_size=\u00bb24px\u00bb header_line_height=\u00bb120%\u00bb body_font=\u00bb&#8211;et_global_body_font||||||||\u00bb body_text_color=\u00bb#968f8d\u00bb body_line_height=\u00bb170%\u00bb text_orientation=\u00bbleft\u00bb max_width_tablet=\u00bb100%\u00bb max_width_phone=\u00bb100%\u00bb max_width_last_edited=\u00bbon|phone\u00bb header_font_size_tablet=\u00bb24px\u00bb header_font_size_phone=\u00bb20px\u00bb header_font_size_last_edited=\u00bbon|phone\u00bb custom_css_promo_description=\u00bbpadding-bottom: 0;\u00bb custom_css_promo_title=\u00bb    padding-bottom: 7px;\u00bb global_colors_info=\u00bb{}\u00bb sticky_enabled=\u00bb0&#8243; use_background_color=\u00bboff\u00bb hover_enabled=\u00bb0&#8243;]<\/p>\n<p style=\"text-align: justify;\">Ofrecerte asesor\u00eda legal especializada y personalizada, respaldada por un profundo conocimiento de cada \u00e1rea del derecho. Nos comprometemos a escucharte y entender tus necesidades, actuando como tu aliado de confianza para encontrar soluciones efectivas y justas, para brindarte la tranquilidad y seguridad que mereces en cada paso de tu vida personal y profesional.<\/p>\n<p>[\/et_pb_cta][\/et_pb_column][et_pb_column type=\u00bb1_2&#8243; _builder_version=\u00bb4.17.6&#8243; _module_preset=\u00bbdefault\u00bb custom_padding=\u00bb|||39px|false|false\u00bb custom_css_before=\u00bb    content: %22%22;||    display: block;||    width: 20px;||    height: 2px;||    background-color: #d1ab7d;||    position: absolute;||    top: 22px;||left: 0;\u00bb global_colors_info=\u00bb{}\u00bb][et_pb_cta title=\u00bbVISI\u00d3N\u00bb admin_label=\u00bbBond Content &#8211; Grace &#8211; Call To Action &#8211; Brainstorming\u00bb module_id=\u00bbvision\u00bb _builder_version=\u00bb4.27.4&#8243; _module_preset=\u00bbdefault\u00bb header_font=\u00bb&#8211;et_global_heading_font|500|||||||\u00bb header_text_color=\u00bb#2c396b\u00bb header_font_size=\u00bb24px\u00bb header_line_height=\u00bb120%\u00bb body_font=\u00bb&#8211;et_global_body_font||||||||\u00bb body_text_color=\u00bb#968f8d\u00bb body_line_height=\u00bb170%\u00bb use_background_color=\u00bboff\u00bb text_orientation=\u00bbleft\u00bb max_width_tablet=\u00bb100%\u00bb max_width_phone=\u00bb100%\u00bb max_width_last_edited=\u00bbon|phone\u00bb hover_enabled=\u00bb0&#8243; header_font_size_tablet=\u00bb24px\u00bb header_font_size_phone=\u00bb20px\u00bb header_font_size_last_edited=\u00bbon|phone\u00bb custom_css_promo_description=\u00bbpadding-bottom: 0;\u00bb custom_css_promo_title=\u00bb    padding-bottom: 7px;\u00bb global_colors_info=\u00bb{}\u00bb sticky_enabled=\u00bb0&#8243;]<\/p>\n<p style=\"text-align: justify;\">Ser el despacho de abogados que inspire confianza y empoderamiento, donde nuestra pasi\u00f3n por la justicia y el servicio al cliente nos impulsa a ir m\u00e1s all\u00e1 en cada caso. Queremos ser reconocidos por el enfoque integral que combina conocimiento profundo y dedicaci\u00f3n inquebrantable, creando un impacto positivo en la vida de nuestros clientes y en la comunidad, transformando desaf\u00edos legales en oportunidades de crecimiento y cambio.<\/p>\n<p>[\/et_pb_cta][\/et_pb_column][\/et_pb_row][et_pb_row use_custom_gutter=\u00bbon\u00bb gutter_width=\u00bb2&#8243; custom_padding_last_edited=\u00bbon|tablet\u00bb admin_label=\u00bbBond Content &#8211; Grace &#8211; Row\u00bb _builder_version=\u00bb4.27.4&#8243; _module_preset=\u00bbdefault\u00bb width=\u00bb90%\u00bb max_width=\u00bb1170px\u00bb custom_padding=\u00bb40px||||false|false\u00bb custom_padding_tablet=\u00bb0px||||false|false\u00bb custom_padding_phone=\u00bb0px||||false|false\u00bb locked=\u00bboff\u00bb global_colors_info=\u00bb{}\u00bb][et_pb_column type=\u00bb4_4&#8243; _builder_version=\u00bb4.17.6&#8243; _module_preset=\u00bbdefault\u00bb custom_padding=\u00bb|||39px|false|false\u00bb custom_css_before=\u00bb    content: %22%22;||    display: block;||    width: 20px;||    height: 2px;||    background-color: #d1ab7d;||    position: absolute;||    top: 22px;||left: 0;\u00bb global_colors_info=\u00bb{}\u00bb][et_pb_cta title=\u00bbVALORES\u00bb admin_label=\u00bbBond Content &#8211; Grace &#8211; Call To Action &#8211; Brainstorming\u00bb module_id=\u00bbvision\u00bb _builder_version=\u00bb4.27.4&#8243; _module_preset=\u00bbdefault\u00bb header_font=\u00bb&#8211;et_global_heading_font|500|||||||\u00bb header_text_color=\u00bb#2c396b\u00bb header_font_size=\u00bb24px\u00bb header_line_height=\u00bb120%\u00bb body_font=\u00bb&#8211;et_global_body_font||||||||\u00bb body_text_color=\u00bb#968f8d\u00bb body_line_height=\u00bb170%\u00bb text_orientation=\u00bbleft\u00bb max_width_tablet=\u00bb100%\u00bb max_width_phone=\u00bb100%\u00bb max_width_last_edited=\u00bbon|phone\u00bb header_font_size_tablet=\u00bb24px\u00bb header_font_size_phone=\u00bb20px\u00bb header_font_size_last_edited=\u00bbon|phone\u00bb custom_css_promo_description=\u00bbpadding-bottom: 0;\u00bb custom_css_promo_title=\u00bb    padding-bottom: 7px;\u00bb global_colors_info=\u00bb{}\u00bb sticky_enabled=\u00bb0&#8243; use_background_color=\u00bboff\u00bb]<\/p>\n<p style=\"text-align: justify;\"><span style=\"text-decoration: underline;\"><strong>Pasi\u00f3n:<\/strong><\/span> No solo define qui\u00e9nes somos como abogados, siendo el coraz\u00f3n de nuestro despacho. Estamos aqu\u00ed para hacer una diferencia, y esa diferencia nos hace recordar que somos parte de algo mucho m\u00e1s grande, que nace de la profunda pasi\u00f3n que sentimos por la justicia y el bienestar.<\/p>\n<p style=\"text-align: justify;\"><span style=\"text-decoration: underline;\"><strong>Integridad:<\/strong><\/span> actuamos de manera \u00e9tica y coherente en todas nuestras interacciones, nuestra conducta se basa en principios s\u00f3lidos que generan confianza y respeto tanto entre nuestros clientes como en la comunidad.<\/p>\n<p style=\"text-align: justify;\"><strong><span style=\"text-decoration: underline;\">Confianza y empat\u00eda:<\/span><\/strong> con transparencia, integridad, respeto y responsabilidad, nos esforzamos por ser el aliado de confianza para nuestros clientes. Reconocemos que detr\u00e1s de cada caso hay personas con experiencias y emociones, y trabajamos para crear un ambiente donde se sientan comprendidos y apoyados<\/p>\n<p style=\"text-align: justify;\"><span style=\"text-decoration: underline;\"><strong>Diversidad:<\/strong><\/span> fomentamos un entorno inclusivo que celebra las diferencias y perspectivas \u00fanicas de cada individuo, enriqueciendo nuestra pr\u00e1ctica y fortaleciendo nuestra conexi\u00f3n con la comunidad.<\/p>\n<p style=\"text-align: justify;\"><span style=\"text-decoration: underline;\"><strong>Igualdad:<\/strong> <\/span>nos comprometemos a ofrecer un trato justo y equitativo, garantizando que cada individuo reciba la misma atenci\u00f3n y respeto sin importar su origen, situaci\u00f3n econ\u00f3mica o cualquier otra caracter\u00edstica.<\/p>\n<p style=\"text-align: justify;\"><span style=\"text-decoration: underline;\"><strong>Compromiso:<\/strong> <\/span>estamos dedicados a brindar un servicio con conocimiento profundo y actualizado, defendiendo los intereses de nuestros clientes con responsabilidad y dedicaci\u00f3n, y esforz\u00e1ndonos siempre por alcanzar los mejores resultados.<\/p>\n<p style=\"text-align: justify;\"><span style=\"text-decoration: underline;\"><strong>Transparencia:<\/strong> <\/span>promovemos la claridad en nuestras interacciones, asegurando que nuestros clientes reciban informaci\u00f3n completa y comprensible, asegurando el derecho a tomar decisiones y a ejercer sus derechos, defendiendo la libertad personal y jur\u00eddica.<\/p>\n<p>[\/et_pb_cta][\/et_pb_column][\/et_pb_row][\/et_pb_section][et_pb_section fb_built=\u00bb1&#8243; custom_padding_last_edited=\u00bboff|desktop\u00bb admin_label=\u00bbServices Page V2 CTA &#8211; Grace\u00bb _builder_version=\u00bb4.27.4&#8243; background_color=\u00bb#d1ab7d\u00bb custom_padding_tablet=\u00bb60px||60px||false|false\u00bb locked=\u00bboff\u00bb collapsed=\u00bbon\u00bb global_colors_info=\u00bb{}\u00bb][et_pb_row use_custom_gutter=\u00bbon\u00bb custom_padding_last_edited=\u00bboff|phone\u00bb admin_label=\u00bbServices Page V2 CTA &#8211; Grace &#8211; Row\u00bb _builder_version=\u00bb4.27.4&#8243; max_width=\u00bb1170px\u00bb custom_padding=\u00bb0px||0px||false|false\u00bb use_custom_width=\u00bbon\u00bb custom_width_px=\u00bb1170px\u00bb collapsed=\u00bboff\u00bb global_colors_info=\u00bb{}\u00bb][et_pb_column type=\u00bb4_4&#8243; _builder_version=\u00bb4.16&#8243; custom_padding=\u00bb|||\u00bb global_colors_info=\u00bb{}\u00bb custom_padding__hover=\u00bb|||\u00bb][et_pb_cta title=\u00bb\u00bfNecesitas asesoramiento?\u00bb button_url=\u00bb\/index.php\/contacto\/\u00bb button_text=\u00bbCont\u00e1ctanos\u00bb _builder_version=\u00bb4.27.4&#8243; _module_preset=\u00bbdefault\u00bb header_font=\u00bb&#8211;et_global_body_font||||||||\u00bb header_font_size=\u00bb18px\u00bb header_line_height=\u00bb1.1em\u00bb body_font=\u00bbMarcellus||||||||\u00bb body_text_color=\u00bb#2c396d\u00bb body_font_size=\u00bb64px\u00bb body_line_height=\u00bb1.4em\u00bb background_enable_color=\u00bboff\u00bb use_background_color=\u00bboff\u00bb custom_button=\u00bbon\u00bb button_text_size=\u00bb20px\u00bb button_border_width=\u00bb2px\u00bb button_font=\u00bb&#8211;et_global_body_font|500|||||||\u00bb button_use_icon=\u00bboff\u00bb custom_padding=\u00bb30px|0px|30px|0px|true|false\u00bb header_font_size_tablet=\u00bb18px\u00bb header_font_size_phone=\u00bb18px\u00bb header_font_size_last_edited=\u00bbon|phone\u00bb body_font_size_tablet=\u00bb30px\u00bb body_font_size_phone=\u00bb24px\u00bb body_font_size_last_edited=\u00bbon|phone\u00bb button_text_size_tablet=\u00bb18px\u00bb button_text_size_phone=\u00bb18px\u00bb button_text_size_last_edited=\u00bbon|tablet\u00bb custom_css_promo_description=\u00bbmargin-bottom:15px;\u00bb custom_css_promo_title=\u00bbmargin-bottom:15px;\u00bb global_colors_info=\u00bb{}\u00bb button_text_size__hover_enabled=\u00bbon|desktop\u00bb button_text_size__hover=\u00bb22px\u00bb]<\/p>\n<p>Estaremos encantados de atenderte<\/p>\n<p>[\/et_pb_cta][\/et_pb_column][\/et_pb_row][\/et_pb_section]<\/p>\n","protected":false},"excerpt":{"rendered":"<p>Abre tu boca por los mudos, por los derechos de todos los desdichados. Abre tu boca, juzga con justicia, y defiende los derechos del afligido y del necesitadoMisi\u00f3n, Visi\u00f3n y ValoresOfrecerte asesor\u00eda legal especializada y personalizada, respaldada por un profundo conocimiento de cada \u00e1rea del derecho. Nos comprometemos a escucharte y entender tus necesidades, actuando [&hellip;]<\/p>\n","protected":false},"author":1,"featured_media":0,"parent":11,"menu_order":0,"comment_status":"closed","ping_status":"closed","template":"","meta":{"_et_pb_use_builder":"on","_et_pb_old_content":"<!-- wp:divi\/placeholder \/-->","_et_gb_content_width":"","footnotes":""},"class_list":["post-15","page","type-page","status-publish","hentry"],"yoast_head":"<!-- This site is optimized with the Yoast SEO plugin v26.0 - https:\/\/yoast.com\/wordpress\/plugins\/seo\/ -->\n<title>Misi\u00f3n\/Visi\u00f3n y valores - MG Abogados<\/title>\n<meta name=\"robots\" content=\"index, follow, max-snippet:-1, max-image-preview:large, max-video-preview:-1\" \/>\n<link rel=\"canonical\" href=\"https:\/\/mgabogados.info\/index.php\/la-firma\/mision-vision-y-valores\/\" \/>\n<meta property=\"og:locale\" content=\"es_ES\" \/>\n<meta property=\"og:type\" content=\"article\" \/>\n<meta property=\"og:title\" content=\"Misi\u00f3n\/Visi\u00f3n y valores - MG Abogados\" \/>\n<meta property=\"og:description\" content=\"Abre tu boca por los mudos, por los derechos de todos los desdichados. Abre tu boca, juzga con justicia, y defiende los derechos del afligido y del necesitadoMisi\u00f3n, Visi\u00f3n y ValoresOfrecerte asesor\u00eda legal especializada y personalizada, respaldada por un profundo conocimiento de cada \u00e1rea del derecho. Nos comprometemos a escucharte y entender tus necesidades, actuando [&hellip;]\" \/>\n<meta property=\"og:url\" content=\"https:\/\/mgabogados.info\/index.php\/la-firma\/mision-vision-y-valores\/\" \/>\n<meta property=\"og:site_name\" content=\"MG Abogados\" \/>\n<meta property=\"article:modified_time\" content=\"2025-03-14T17:05:10+00:00\" \/>\n<meta name=\"twitter:card\" content=\"summary_large_image\" \/>\n<meta name=\"twitter:label1\" content=\"Tiempo de lectura\" \/>\n\t<meta name=\"twitter:data1\" content=\"8 minutos\" \/>\n<script type=\"application\/ld+json\" class=\"yoast-schema-graph\">{\"@context\":\"https:\/\/schema.org\",\"@graph\":[{\"@type\":\"WebPage\",\"@id\":\"https:\/\/mgabogados.info\/index.php\/la-firma\/mision-vision-y-valores\/\",\"url\":\"https:\/\/mgabogados.info\/index.php\/la-firma\/mision-vision-y-valores\/\",\"name\":\"Misi\u00f3n\/Visi\u00f3n y valores - MG Abogados\",\"isPartOf\":{\"@id\":\"https:\/\/mgabogados.info\/#website\"},\"datePublished\":\"2025-01-08T17:03:53+00:00\",\"dateModified\":\"2025-03-14T17:05:10+00:00\",\"breadcrumb\":{\"@id\":\"https:\/\/mgabogados.info\/index.php\/la-firma\/mision-vision-y-valores\/#breadcrumb\"},\"inLanguage\":\"es\",\"potentialAction\":[{\"@type\":\"ReadAction\",\"target\":[\"https:\/\/mgabogados.info\/index.php\/la-firma\/mision-vision-y-valores\/\"]}]},{\"@type\":\"BreadcrumbList\",\"@id\":\"https:\/\/mgabogados.info\/index.php\/la-firma\/mision-vision-y-valores\/#breadcrumb\",\"itemListElement\":[{\"@type\":\"ListItem\",\"position\":1,\"name\":\"Portada\",\"item\":\"https:\/\/mgabogados.info\/\"},{\"@type\":\"ListItem\",\"position\":2,\"name\":\"La firma\",\"item\":\"https:\/\/mgabogados.info\/index.php\/la-firma\/\"},{\"@type\":\"ListItem\",\"position\":3,\"name\":\"Misi\u00f3n\/Visi\u00f3n y valores\"}]},{\"@type\":\"WebSite\",\"@id\":\"https:\/\/mgabogados.info\/#website\",\"url\":\"https:\/\/mgabogados.info\/\",\"name\":\"MG Abogados\",\"description\":\"MG Abogados en el Vendrell\",\"publisher\":{\"@id\":\"https:\/\/mgabogados.info\/#organization\"},\"potentialAction\":[{\"@type\":\"SearchAction\",\"target\":{\"@type\":\"EntryPoint\",\"urlTemplate\":\"https:\/\/mgabogados.info\/?s={search_term_string}\"},\"query-input\":{\"@type\":\"PropertyValueSpecification\",\"valueRequired\":true,\"valueName\":\"search_term_string\"}}],\"inLanguage\":\"es\"},{\"@type\":\"Organization\",\"@id\":\"https:\/\/mgabogados.info\/#organization\",\"name\":\"MG Abogados\",\"url\":\"https:\/\/mgabogados.info\/\",\"logo\":{\"@type\":\"ImageObject\",\"inLanguage\":\"es\",\"@id\":\"https:\/\/mgabogados.info\/#\/schema\/logo\/image\/\",\"url\":\"https:\/\/mgabogados.info\/wp-content\/uploads\/2025\/03\/favic.png\",\"contentUrl\":\"https:\/\/mgabogados.info\/wp-content\/uploads\/2025\/03\/favic.png\",\"width\":315,\"height\":158,\"caption\":\"MG Abogados\"},\"image\":{\"@id\":\"https:\/\/mgabogados.info\/#\/schema\/logo\/image\/\"}}]}<\/script>\n<!-- \/ Yoast SEO plugin. -->","yoast_head_json":{"title":"Misi\u00f3n\/Visi\u00f3n y valores - MG Abogados","robots":{"index":"index","follow":"follow","max-snippet":"max-snippet:-1","max-image-preview":"max-image-preview:large","max-video-preview":"max-video-preview:-1"},"canonical":"https:\/\/mgabogados.info\/index.php\/la-firma\/mision-vision-y-valores\/","og_locale":"es_ES","og_type":"article","og_title":"Misi\u00f3n\/Visi\u00f3n y valores - MG Abogados","og_description":"Abre tu boca por los mudos, por los derechos de todos los desdichados. Abre tu boca, juzga con justicia, y defiende los derechos del afligido y del necesitadoMisi\u00f3n, Visi\u00f3n y ValoresOfrecerte asesor\u00eda legal especializada y personalizada, respaldada por un profundo conocimiento de cada \u00e1rea del derecho. Nos comprometemos a escucharte y entender tus necesidades, actuando [&hellip;]","og_url":"https:\/\/mgabogados.info\/index.php\/la-firma\/mision-vision-y-valores\/","og_site_name":"MG Abogados","article_modified_time":"2025-03-14T17:05:10+00:00","twitter_card":"summary_large_image","twitter_misc":{"Tiempo de lectura":"8 minutos"},"schema":{"@context":"https:\/\/schema.org","@graph":[{"@type":"WebPage","@id":"https:\/\/mgabogados.info\/index.php\/la-firma\/mision-vision-y-valores\/","url":"https:\/\/mgabogados.info\/index.php\/la-firma\/mision-vision-y-valores\/","name":"Misi\u00f3n\/Visi\u00f3n y valores - MG Abogados","isPartOf":{"@id":"https:\/\/mgabogados.info\/#website"},"datePublished":"2025-01-08T17:03:53+00:00","dateModified":"2025-03-14T17:05:10+00:00","breadcrumb":{"@id":"https:\/\/mgabogados.info\/index.php\/la-firma\/mision-vision-y-valores\/#breadcrumb"},"inLanguage":"es","potentialAction":[{"@type":"ReadAction","target":["https:\/\/mgabogados.info\/index.php\/la-firma\/mision-vision-y-valores\/"]}]},{"@type":"BreadcrumbList","@id":"https:\/\/mgabogados.info\/index.php\/la-firma\/mision-vision-y-valores\/#breadcrumb","itemListElement":[{"@type":"ListItem","position":1,"name":"Portada","item":"https:\/\/mgabogados.info\/"},{"@type":"ListItem","position":2,"name":"La firma","item":"https:\/\/mgabogados.info\/index.php\/la-firma\/"},{"@type":"ListItem","position":3,"name":"Misi\u00f3n\/Visi\u00f3n y valores"}]},{"@type":"WebSite","@id":"https:\/\/mgabogados.info\/#website","url":"https:\/\/mgabogados.info\/","name":"MG Abogados","description":"MG Abogados en el Vendrell","publisher":{"@id":"https:\/\/mgabogados.info\/#organization"},"potentialAction":[{"@type":"SearchAction","target":{"@type":"EntryPoint","urlTemplate":"https:\/\/mgabogados.info\/?s={search_term_string}"},"query-input":{"@type":"PropertyValueSpecification","valueRequired":true,"valueName":"search_term_string"}}],"inLanguage":"es"},{"@type":"Organization","@id":"https:\/\/mgabogados.info\/#organization","name":"MG Abogados","url":"https:\/\/mgabogados.info\/","logo":{"@type":"ImageObject","inLanguage":"es","@id":"https:\/\/mgabogados.info\/#\/schema\/logo\/image\/","url":"https:\/\/mgabogados.info\/wp-content\/uploads\/2025\/03\/favic.png","contentUrl":"https:\/\/mgabogados.info\/wp-content\/uploads\/2025\/03\/favic.png","width":315,"height":158,"caption":"MG Abogados"},"image":{"@id":"https:\/\/mgabogados.info\/#\/schema\/logo\/image\/"}}]}},"_links":{"self":[{"href":"https:\/\/mgabogados.info\/index.php\/wp-json\/wp\/v2\/pages\/15","targetHints":{"allow":["GET"]}}],"collection":[{"href":"https:\/\/mgabogados.info\/index.php\/wp-json\/wp\/v2\/pages"}],"about":[{"href":"https:\/\/mgabogados.info\/index.php\/wp-json\/wp\/v2\/types\/page"}],"author":[{"embeddable":true,"href":"https:\/\/mgabogados.info\/index.php\/wp-json\/wp\/v2\/users\/1"}],"replies":[{"embeddable":true,"href":"https:\/\/mgabogados.info\/index.php\/wp-json\/wp\/v2\/comments?post=15"}],"version-history":[{"count":10,"href":"https:\/\/mgabogados.info\/index.php\/wp-json\/wp\/v2\/pages\/15\/revisions"}],"predecessor-version":[{"id":385633,"href":"https:\/\/mgabogados.info\/index.php\/wp-json\/wp\/v2\/pages\/15\/revisions\/385633"}],"up":[{"embeddable":true,"href":"https:\/\/mgabogados.info\/index.php\/wp-json\/wp\/v2\/pages\/11"}],"wp:attachment":[{"href":"https:\/\/mgabogados.info\/index.php\/wp-json\/wp\/v2\/media?parent=15"}],"curies":[{"name":"wp","href":"https:\/\/api.w.org\/{rel}","templated":true}]}}