{"id":19,"date":"2025-01-08T17:04:27","date_gmt":"2025-01-08T17:04:27","guid":{"rendered":"https:\/\/charming-grothendieck.82-223-216-36.plesk.page\/?page_id=19"},"modified":"2025-09-11T18:13:23","modified_gmt":"2025-09-11T18:13:23","slug":"derecho-civil","status":"publish","type":"page","link":"https:\/\/mgabogados.info\/index.php\/areas-y-especializaciones\/derecho-civil\/","title":{"rendered":"Derecho Civil"},"content":{"rendered":"<p>[et_pb_section fb_built=\u00bb1&#8243; _builder_version=\u00bb4.27.4&#8243; _module_preset=\u00bbdefault\u00bb background_image=\u00bbhttps:\/\/mgabogados.info\/wp-content\/uploads\/2025\/06\/familiamg.png\u00bb min_height=\u00bb50vh\u00bb height=\u00bb50vh\u00bb custom_padding=\u00bb130px||130px||true|\u00bb global_colors_info=\u00bb{}\u00bb][et_pb_row _builder_version=\u00bb4.27.4&#8243; _module_preset=\u00bbdefault\u00bb custom_padding=\u00bb||5px|||\u00bb global_colors_info=\u00bb{}\u00bb][et_pb_column type=\u00bb4_4&#8243; _builder_version=\u00bb4.27.4&#8243; _module_preset=\u00bbdefault\u00bb global_colors_info=\u00bb{}\u00bb][et_pb_text _builder_version=\u00bb4.27.4&#8243; _module_preset=\u00bbdefault\u00bb header_font=\u00bbMarcellus||||||||\u00bb header_text_align=\u00bbcenter\u00bb header_text_color=\u00bb#FFFFFF\u00bb header_font_size=\u00bb55px\u00bb global_colors_info=\u00bb{}\u00bb]<\/p>\n<h1>Especialistas en derecho civil<\/h1>\n<p style=\"text-align: center;\"><span style=\"color: #ffffff;\">Familia &#8211; Sucesiones &#8211; Herencias &#8211; Personas &#8211; Patrimonial<\/span><\/p>\n<p>[\/et_pb_text][\/et_pb_column][\/et_pb_row][\/et_pb_section][et_pb_section fb_built=\u00bb1&#8243; custom_padding_last_edited=\u00bbon|tablet\u00bb admin_label=\u00bbBond Content &#8211; Grace\u00bb _builder_version=\u00bb4.17.6&#8243; _module_preset=\u00bbdefault\u00bb custom_padding=\u00bb50px||4px||false|false\u00bb custom_padding_tablet=\u00bb50px||0px||false|false\u00bb custom_padding_phone=\u00bb50px||0px||false|false\u00bb collapsed=\u00bbon\u00bb global_colors_info=\u00bb{}\u00bb][et_pb_row admin_label=\u00bbBond Content &#8211; Grace &#8211; Row\u00bb _builder_version=\u00bb4.17.6&#8243; _module_preset=\u00bbdefault\u00bb width=\u00bb90%\u00bb max_width=\u00bb1170px\u00bb custom_padding=\u00bb||0px||false|false\u00bb global_colors_info=\u00bb{}\u00bb][et_pb_column type=\u00bb4_4&#8243; _builder_version=\u00bb4.17.6&#8243; _module_preset=\u00bbdefault\u00bb global_colors_info=\u00bb{}\u00bb][et_pb_cta admin_label=\u00bbBond Content &#8211; Grace &#8211; Call To Action &#8211; Work process\u00bb _builder_version=\u00bb4.27.4&#8243; _module_preset=\u00bbdefault\u00bb header_font=\u00bbBarlow|500|||||||\u00bb header_text_color=\u00bb#d1ab7d\u00bb header_font_size=\u00bb16px\u00bb header_line_height=\u00bb120%\u00bb body_font=\u00bbMarcellus||||||||\u00bb body_text_color=\u00bb#2c396b\u00bb body_font_size=\u00bb38px\u00bb body_line_height=\u00bb120%\u00bb use_background_color=\u00bboff\u00bb body_font_size_tablet=\u00bb30px\u00bb body_font_size_phone=\u00bb26px\u00bb body_font_size_last_edited=\u00bbon|tablet\u00bb custom_css_after=\u00bb    content: %22%22;||    display: block;||    width: 75px;||    height: 3px;||    background-color: #d1ab7d;||    margin: 5px auto 0;\u00bb custom_css_promo_title=\u00bb    padding-bottom: 10px;\u00bb global_colors_info=\u00bb{}\u00bb]<\/p>\n<p>M\u00e1s que abogados, somos tus aliados<\/p>\n<p>[\/et_pb_cta][\/et_pb_column][\/et_pb_row][et_pb_row use_custom_gutter=\u00bbon\u00bb gutter_width=\u00bb2&#8243; admin_label=\u00bbBond Content &#8211; Grace &#8211; Row\u00bb _builder_version=\u00bb4.17.6&#8243; _module_preset=\u00bbdefault\u00bb width=\u00bb90%\u00bb max_width=\u00bb1170px\u00bb custom_padding=\u00bb40px||||false|false\u00bb global_colors_info=\u00bb{}\u00bb][et_pb_column type=\u00bb4_4&#8243; _builder_version=\u00bb4.17.6&#8243; _module_preset=\u00bbdefault\u00bb custom_padding=\u00bb|||39px|false|false\u00bb custom_css_before=\u00bb    content: %22%22;||    display: block;||    width: 20px;||    height: 2px;||    background-color: #d1ab7d;||    position: absolute;||    top: 22px;||left: 0;\u00bb global_colors_info=\u00bb{}\u00bb][et_pb_cta title=\u00bbDERECHO CIVIL\u00bb admin_label=\u00bbBond Content &#8211; Grace &#8211; Call To Action &#8211; Brainstorming\u00bb _builder_version=\u00bb4.27.4&#8243; _module_preset=\u00bbdefault\u00bb header_font=\u00bb&#8211;et_global_heading_font|500|||||||\u00bb header_text_color=\u00bb#2c396b\u00bb header_font_size=\u00bb24px\u00bb header_line_height=\u00bb120%\u00bb body_font=\u00bb&#8211;et_global_body_font||||||||\u00bb body_text_color=\u00bb#968f8d\u00bb body_line_height=\u00bb170%\u00bb use_background_color=\u00bboff\u00bb text_orientation=\u00bbleft\u00bb max_width_tablet=\u00bb100%\u00bb max_width_phone=\u00bb100%\u00bb max_width_last_edited=\u00bbon|phone\u00bb header_font_size_tablet=\u00bb24px\u00bb header_font_size_phone=\u00bb20px\u00bb header_font_size_last_edited=\u00bbon|phone\u00bb custom_css_promo_description=\u00bbpadding-bottom: 0;\u00bb custom_css_promo_title=\u00bb    padding-bottom: 7px;\u00bb global_colors_info=\u00bb{}\u00bb]<\/p>\n<p>Esta \u00e1rea es la m\u00e1s amplia en materias, debido que comprende la gran extensi\u00f3n de nuestro Ordenamiento Jur\u00eddico de derecho privado.<br \/>Se encarga de regular las relaciones entre las personas en su vida privada y patrimonial, y se divide en diferentes ramas, siendo los principios fundamentales:<\/p>\n<ul>\n<li><strong>la autonom\u00eda de la voluntad:<\/strong> que permite a las personas establecer libremente acuerdos y contratos.<\/li>\n<li><strong>la igualdad jur\u00eddica:<\/strong> que garantiza que todas las personas sean tratadas de forma equitativa ante la ley.<\/li>\n<li><strong>la seguridad jur\u00eddica:<\/strong> que busca brindar certeza y estabilidad en las relaciones jur\u00eddicas.<\/li>\n<li><strong>la protecci\u00f3n de los derechos fundamentales:<\/strong> que asegura la tutela de los derechos humanos en el \u00e1mbito civil.<\/li>\n<\/ul>\n<p>[\/et_pb_cta][\/et_pb_column][\/et_pb_row][et_pb_row _builder_version=\u00bb4.27.4&#8243; _module_preset=\u00bbdefault\u00bb global_colors_info=\u00bb{}\u00bb][et_pb_column type=\u00bb4_4&#8243; _builder_version=\u00bb4.27.4&#8243; _module_preset=\u00bbdefault\u00bb global_colors_info=\u00bb{}\u00bb][et_pb_cta button_url=\u00bb\/index.php\/contacto\/\u00bb button_text=\u00bbCont\u00e1ctanos\u00bb _builder_version=\u00bb4.27.4&#8243; _module_preset=\u00bbf189b9d7-7e0d-48ab-a150-f003123cab1c\u00bb global_colors_info=\u00bb{}\u00bb]<\/p>\n<p>Para resolver este problema lo ideal ser\u00eda contactar con un abogado civilista.<\/p>\n<p>Si es tu caso, puedes contactar con nosotros para exponernos tu situaci\u00f3n, pedirnos presupuesto o sencillamente hacernos una consulta al respecto.<\/p>\n<p>[\/et_pb_cta][\/et_pb_column][\/et_pb_row][\/et_pb_section][et_pb_section fb_built=\u00bb1&#8243; _builder_version=\u00bb4.27.4&#8243; _module_preset=\u00bbdefault\u00bb background_color=\u00bb#f9f9f9&#8243; global_colors_info=\u00bb{}\u00bb][et_pb_row column_structure=\u00bb1_2,1_2&#8243; _builder_version=\u00bb4.27.4&#8243; _module_preset=\u00bbdefault\u00bb global_colors_info=\u00bb{}\u00bb][et_pb_column type=\u00bb1_2&#8243; _builder_version=\u00bb4.27.4&#8243; _module_preset=\u00bbdefault\u00bb global_colors_info=\u00bb{}\u00bb][et_pb_cta title=\u00bbExtranjer\u00eda\u00bb admin_label=\u00bbBond Content &#8211; Grace &#8211; Call To Action &#8211; Brainstorming\u00bb module_id=\u00bbsucesiones\u00bb _builder_version=\u00bb4.27.4&#8243; _module_preset=\u00bb8185dd96-47ac-4101-9a80-0e1f796af064&#8243; global_colors_info=\u00bb{}\u00bb header_font=\u00bb&#8211;et_global_heading_font|500|||||||\u00bb header_text_color=\u00bb#2c396b\u00bb header_font_size=\u00bb18px\u00bb header_line_height=\u00bb120%\u00bb body_font=\u00bb&#8211;et_global_body_font||||||||\u00bb body_text_color=\u00bb#968f8d\u00bb body_line_height=\u00bb170%\u00bb use_background_color=\u00bboff\u00bb text_orientation=\u00bbleft\u00bb custom_css_promo_description=\u00bbpadding-bottom: 0;\u00bb custom_css_promo_title=\u00bb    padding-bottom: 7px;\u00bb max_width_tablet=\u00bb100%\u00bb max_width_phone=\u00bb100%\u00bb max_width_last_edited=\u00bbon|phone\u00bb]<\/p>\n<p>Regula aspectos como la capacidad jur\u00eddica, el nombre, la nacionalidad, el estado civil, entre otros.<\/p>\n<p>&nbsp;<\/p>\n<ul>\n<li>Visados<\/li>\n<li>Permiso de residencia<\/li>\n<li>Nacionalidad<\/li>\n<li>Proteci\u00f3n internacional<\/li>\n<li>Reagrupaci\u00f3n familiar<\/li>\n<li>Arraigo<\/li>\n<\/ul>\n<p>[\/et_pb_cta][\/et_pb_column][et_pb_column type=\u00bb1_2&#8243; _builder_version=\u00bb4.27.4&#8243; _module_preset=\u00bbdefault\u00bb global_colors_info=\u00bb{}\u00bb][et_pb_cta title=\u00bbFamilia\u00bb admin_label=\u00bbBond Content &#8211; Grace &#8211; Call To Action &#8211; Brainstorming\u00bb module_id=\u00bbsucesiones\u00bb _builder_version=\u00bb4.27.4&#8243; _module_preset=\u00bb8185dd96-47ac-4101-9a80-0e1f796af064&#8243; body_text_color=\u00bb#968f8d\u00bb global_colors_info=\u00bb{}\u00bb sticky_enabled=\u00bb0&#8243; header_font=\u00bb&#8211;et_global_heading_font|500|||||||\u00bb header_text_color=\u00bb#2c396b\u00bb header_font_size=\u00bb18px\u00bb header_line_height=\u00bb120%\u00bb body_font=\u00bb&#8211;et_global_body_font||||||||\u00bb body_line_height=\u00bb170%\u00bb use_background_color=\u00bboff\u00bb text_orientation=\u00bbleft\u00bb custom_css_promo_description=\u00bbpadding-bottom: 0;\u00bb custom_css_promo_title=\u00bb    padding-bottom: 7px;\u00bb max_width_tablet=\u00bb100%\u00bb max_width_phone=\u00bb100%\u00bb max_width_last_edited=\u00bbon|phone\u00bb]<\/p>\n<p>Se ocupa de regular las relaciones familiares, como el matrimonio, el divorcio, la filiaci\u00f3n, la adopci\u00f3n, entre otros.<\/p>\n<p>&nbsp;<\/p>\n<ul>\n<li>Divorcio, Separaci\u00f3n, Nulidad<\/li>\n<li>Modificaciones de sentencias de divorcio, separaci\u00f3n o custodia<\/li>\n<li>Liquidaci\u00f3n y modificaci\u00f3n del r\u00e9gimen econ\u00f3mico matrimonial<\/li>\n<li>Guarda y Custodia<\/li>\n<li>Pensi\u00f3n de alimentos y pensi\u00f3n compensatoria<\/li>\n<li>Atribuci\u00f3n del uso de la vivienda<\/li>\n<li>Incumplimientos y ejecuciones<\/li>\n<li>Modificaci\u00f3n de medidas<\/li>\n<li>Procesos Adoptivos<\/li>\n<li>Tutela, Curatela y Asistencia<\/li>\n<li>Protecci\u00f3n legal del incapaz<\/li>\n<li>Patrimonio protegido<\/li>\n<li>Reclamaci\u00f3n de paternidad y filiaci\u00f3n<\/li>\n<li>Impugnaci\u00f3n de paternidad<\/li>\n<li>Controversias con el ejercicio de la patria potestad<\/li>\n<li>Violencia dom\u00e9stica<\/li>\n<\/ul>\n<p>[\/et_pb_cta][\/et_pb_column][\/et_pb_row][et_pb_row column_structure=\u00bb1_2,1_2&#8243; custom_padding_last_edited=\u00bbon|tablet\u00bb _builder_version=\u00bb4.27.4&#8243; _module_preset=\u00bbdefault\u00bb custom_padding_tablet=\u00bb0px||||false|false\u00bb custom_padding_phone=\u00bb0px||||false|false\u00bb global_colors_info=\u00bb{}\u00bb][et_pb_column type=\u00bb1_2&#8243; _builder_version=\u00bb4.27.4&#8243; _module_preset=\u00bbdefault\u00bb global_colors_info=\u00bb{}\u00bb][et_pb_cta title=\u00bbSucesiones\u00bb admin_label=\u00bbBond Content &#8211; Grace &#8211; Call To Action &#8211; Brainstorming\u00bb module_id=\u00bbsucesiones\u00bb _builder_version=\u00bb4.27.4&#8243; _module_preset=\u00bbdefault\u00bb header_font=\u00bb&#8211;et_global_heading_font|500|||||||\u00bb header_text_color=\u00bb#2c396b\u00bb header_font_size=\u00bb18px\u00bb header_line_height=\u00bb120%\u00bb body_font=\u00bb&#8211;et_global_body_font||||||||\u00bb body_text_color=\u00bb#968f8d\u00bb body_line_height=\u00bb170%\u00bb use_background_color=\u00bboff\u00bb text_orientation=\u00bbleft\u00bb max_width_tablet=\u00bb100%\u00bb max_width_phone=\u00bb100%\u00bb max_width_last_edited=\u00bbon|phone\u00bb custom_css_promo_description=\u00bbpadding-bottom: 0;\u00bb custom_css_promo_title=\u00bb    padding-bottom: 7px;\u00bb global_colors_info=\u00bb{}\u00bb]<\/p>\n<p>Establece las normas para la transmisi\u00f3n de los bienes de una persona fallecida a sus herederos.<\/p>\n<p>&nbsp;<\/p>\n<ul>\n<li>Testamento, impugnaci\u00f3n, defensa judicial de la herencia<\/li>\n<li>Aceptaci\u00f3n y renuncia de herencia<\/li>\n<li>Resoluci\u00f3n de conflictos entre herederos e conflicto, mediaci\u00f3n<\/li>\n<li>Tr\u00e1mites de aceptaci\u00f3n de herencia<\/li>\n<li>La reclamaci\u00f3n de la leg\u00edtima<\/li>\n<li>La tramitaci\u00f3n y asesoramiento en materia de impuestos sucesorios<\/li>\n<li>Procedimientos de negociaci\u00f3n entre herederos<\/li>\n<li>La obtenci\u00f3n del certificado de defunci\u00f3n, \u00faltimas voluntades y Testamento<\/li>\n<li>La valoraci\u00f3n de los bienes para determinar instituciones<\/li>\n<\/ul>\n<p>[\/et_pb_cta][\/et_pb_column][et_pb_column type=\u00bb1_2&#8243; _builder_version=\u00bb4.27.4&#8243; _module_preset=\u00bbdefault\u00bb global_colors_info=\u00bb{}\u00bb][et_pb_cta title=\u00bbPatrimonial\u00bb admin_label=\u00bbBond Content &#8211; Grace &#8211; Call To Action &#8211; Brainstorming\u00bb module_id=\u00bbpatrimonial\u00bb _builder_version=\u00bb4.27.4&#8243; _module_preset=\u00bbdefault\u00bb header_font=\u00bb&#8211;et_global_heading_font|500|||||||\u00bb header_text_color=\u00bb#2c396b\u00bb header_font_size=\u00bb18px\u00bb header_line_height=\u00bb120%\u00bb body_font=\u00bb&#8211;et_global_body_font||||||||\u00bb body_text_color=\u00bb#968f8d\u00bb body_line_height=\u00bb170%\u00bb use_background_color=\u00bboff\u00bb text_orientation=\u00bbleft\u00bb max_width_tablet=\u00bb100%\u00bb max_width_phone=\u00bb100%\u00bb max_width_last_edited=\u00bbon|phone\u00bb custom_css_promo_description=\u00bbpadding-bottom: 0;\u00bb custom_css_promo_title=\u00bb    padding-bottom: 7px;\u00bb global_colors_info=\u00bb{}\u00bb]<\/p>\n<p>Regula las relaciones de propiedad, los contratos, las obligaciones y los derechos reales.<\/p>\n<p>&nbsp;<\/p>\n<ul>\n<li>Asesoramiento de todo tipo de contratos<\/li>\n<li>Estudio y redacci\u00f3n de contratos civiles de compraventa, arrendamiento, permutas, opciones de compra<\/li>\n<li>Liquidaci\u00f3n y modificaci\u00f3n del r\u00e9gimen econ\u00f3mico matrimonial<\/li>\n<li>Arrendamientos<\/li>\n<li>Compraventas \/ Arras<\/li>\n<li>Defensa y representaci\u00f3n ante Tribunales y Juzgados<\/li>\n<li>Reclamaciones de cantidad e impagados. Monitorios y cambiarios<\/li>\n<li>Estudio y redacci\u00f3n de contratos civiles de compraventa, arrendamiento, permutas, opciones de compra<\/li>\n<li>Intervenci\u00f3n en el \u00e1mbito inmobiliario y de la construcci\u00f3n<\/li>\n<li>Responsabilidad civil contractual y extracontractual<\/li>\n<li>Reclamaci\u00f3n por responsabilidad de da\u00f1os<\/li>\n<li>Transacciones, conciliaciones y soluciones extrajudiciales<\/li>\n<li>Procedimientos judiciales en materia de propiedad<\/li>\n<li>Divisi\u00f3n judicial y extrajudicial de patrimonios<\/li>\n<li>Desahucios<\/li>\n<\/ul>\n<p>[\/et_pb_cta][\/et_pb_column][\/et_pb_row][\/et_pb_section][et_pb_section fb_built=\u00bb1&#8243; custom_padding_last_edited=\u00bboff|desktop\u00bb admin_label=\u00bbServices Page V2 CTA &#8211; Grace\u00bb _builder_version=\u00bb4.27.4&#8243; background_color=\u00bb#d1ab7d\u00bb custom_padding_tablet=\u00bb60px||60px||false|false\u00bb locked=\u00bboff\u00bb collapsed=\u00bbon\u00bb global_colors_info=\u00bb{}\u00bb][et_pb_row use_custom_gutter=\u00bbon\u00bb custom_padding_last_edited=\u00bboff|phone\u00bb admin_label=\u00bbServices Page V2 CTA &#8211; Grace &#8211; Row\u00bb _builder_version=\u00bb4.27.4&#8243; max_width=\u00bb1170px\u00bb custom_padding=\u00bb0px||0px||false|false\u00bb use_custom_width=\u00bbon\u00bb custom_width_px=\u00bb1170px\u00bb collapsed=\u00bboff\u00bb global_colors_info=\u00bb{}\u00bb][et_pb_column type=\u00bb4_4&#8243; _builder_version=\u00bb4.16&#8243; custom_padding=\u00bb|||\u00bb global_colors_info=\u00bb{}\u00bb custom_padding__hover=\u00bb|||\u00bb][et_pb_cta title=\u00bb\u00bfNecesitas asesoramiento en derecho civil?\u00bb button_url=\u00bb\/index.php\/contacto\/\u00bb button_text=\u00bbCont\u00e1ctanos\u00bb _builder_version=\u00bb4.27.4&#8243; _module_preset=\u00bbdefault\u00bb header_font=\u00bb&#8211;et_global_body_font||||||||\u00bb header_font_size=\u00bb18px\u00bb header_line_height=\u00bb1.1em\u00bb body_font=\u00bbMarcellus||||||||\u00bb body_text_color=\u00bb#2c396d\u00bb body_font_size=\u00bb64px\u00bb body_line_height=\u00bb1.4em\u00bb background_enable_color=\u00bboff\u00bb use_background_color=\u00bboff\u00bb custom_button=\u00bbon\u00bb button_text_size=\u00bb20px\u00bb button_border_width=\u00bb2px\u00bb button_font=\u00bb&#8211;et_global_body_font|500|||||||\u00bb button_use_icon=\u00bboff\u00bb custom_padding=\u00bb30px|0px|30px|0px|true|false\u00bb header_font_size_tablet=\u00bb18px\u00bb header_font_size_phone=\u00bb18px\u00bb header_font_size_last_edited=\u00bbon|phone\u00bb body_font_size_tablet=\u00bb30px\u00bb body_font_size_phone=\u00bb24px\u00bb body_font_size_last_edited=\u00bbon|phone\u00bb button_text_size_tablet=\u00bb18px\u00bb button_text_size_phone=\u00bb18px\u00bb button_text_size_last_edited=\u00bbon|tablet\u00bb custom_css_promo_description=\u00bbmargin-bottom:15px;\u00bb custom_css_promo_title=\u00bbmargin-bottom:15px;\u00bb global_colors_info=\u00bb{}\u00bb button_text_size__hover_enabled=\u00bbon|desktop\u00bb button_text_size__hover=\u00bb22px\u00bb]<\/p>\n<p>Estaremos encantados de atenderte<\/p>\n<p>[\/et_pb_cta][\/et_pb_column][\/et_pb_row][\/et_pb_section]<\/p>\n","protected":false},"excerpt":{"rendered":"<p>Especialistas en derecho civil Familia &#8211; Sucesiones &#8211; Herencias &#8211; Personas &#8211; PatrimonialM\u00e1s que abogados, somos tus aliadosEsta \u00e1rea es la m\u00e1s amplia en materias, debido que comprende la gran extensi\u00f3n de nuestro Ordenamiento Jur\u00eddico de derecho privado.Se encarga de regular las relaciones entre las personas en su vida privada y patrimonial, y se divide [&hellip;]<\/p>\n","protected":false},"author":1,"featured_media":0,"parent":17,"menu_order":0,"comment_status":"closed","ping_status":"closed","template":"","meta":{"_et_pb_use_builder":"on","_et_pb_old_content":"<!-- wp:divi\/placeholder \/-->","_et_gb_content_width":"","footnotes":""},"class_list":["post-19","page","type-page","status-publish","hentry"],"yoast_head":"<!-- This site is optimized with the Yoast SEO plugin v26.0 - https:\/\/yoast.com\/wordpress\/plugins\/seo\/ -->\n<title>Derecho Civil - MG Abogados<\/title>\n<meta name=\"robots\" content=\"index, follow, max-snippet:-1, max-image-preview:large, max-video-preview:-1\" \/>\n<link rel=\"canonical\" href=\"https:\/\/mgabogados.info\/index.php\/areas-y-especializaciones\/derecho-civil\/\" \/>\n<meta property=\"og:locale\" content=\"es_ES\" \/>\n<meta property=\"og:type\" content=\"article\" \/>\n<meta property=\"og:title\" content=\"Derecho Civil - MG Abogados\" \/>\n<meta property=\"og:description\" content=\"Especialistas en derecho civil Familia - Sucesiones - Herencias - Personas - PatrimonialM\u00e1s que abogados, somos tus aliadosEsta \u00e1rea es la m\u00e1s amplia en materias, debido que comprende la gran extensi\u00f3n de nuestro Ordenamiento Jur\u00eddico de derecho privado.Se encarga de regular las relaciones entre las personas en su vida privada y patrimonial, y se divide [&hellip;]\" \/>\n<meta property=\"og:url\" content=\"https:\/\/mgabogados.info\/index.php\/areas-y-especializaciones\/derecho-civil\/\" \/>\n<meta property=\"og:site_name\" content=\"MG Abogados\" \/>\n<meta property=\"article:modified_time\" content=\"2025-09-11T18:13:23+00:00\" \/>\n<meta name=\"twitter:card\" content=\"summary_large_image\" \/>\n<meta name=\"twitter:label1\" content=\"Tiempo de lectura\" \/>\n\t<meta name=\"twitter:data1\" content=\"9 minutos\" \/>\n<script type=\"application\/ld+json\" class=\"yoast-schema-graph\">{\"@context\":\"https:\/\/schema.org\",\"@graph\":[{\"@type\":\"WebPage\",\"@id\":\"https:\/\/mgabogados.info\/index.php\/areas-y-especializaciones\/derecho-civil\/\",\"url\":\"https:\/\/mgabogados.info\/index.php\/areas-y-especializaciones\/derecho-civil\/\",\"name\":\"Derecho Civil - MG Abogados\",\"isPartOf\":{\"@id\":\"https:\/\/mgabogados.info\/#website\"},\"datePublished\":\"2025-01-08T17:04:27+00:00\",\"dateModified\":\"2025-09-11T18:13:23+00:00\",\"breadcrumb\":{\"@id\":\"https:\/\/mgabogados.info\/index.php\/areas-y-especializaciones\/derecho-civil\/#breadcrumb\"},\"inLanguage\":\"es\",\"potentialAction\":[{\"@type\":\"ReadAction\",\"target\":[\"https:\/\/mgabogados.info\/index.php\/areas-y-especializaciones\/derecho-civil\/\"]}]},{\"@type\":\"BreadcrumbList\",\"@id\":\"https:\/\/mgabogados.info\/index.php\/areas-y-especializaciones\/derecho-civil\/#breadcrumb\",\"itemListElement\":[{\"@type\":\"ListItem\",\"position\":1,\"name\":\"Portada\",\"item\":\"https:\/\/mgabogados.info\/\"},{\"@type\":\"ListItem\",\"position\":2,\"name\":\"\u00c1reas y especializaciones\",\"item\":\"https:\/\/mgabogados.info\/index.php\/areas-y-especializaciones\/\"},{\"@type\":\"ListItem\",\"position\":3,\"name\":\"Derecho Civil\"}]},{\"@type\":\"WebSite\",\"@id\":\"https:\/\/mgabogados.info\/#website\",\"url\":\"https:\/\/mgabogados.info\/\",\"name\":\"MG Abogados\",\"description\":\"MG Abogados en el Vendrell\",\"publisher\":{\"@id\":\"https:\/\/mgabogados.info\/#organization\"},\"potentialAction\":[{\"@type\":\"SearchAction\",\"target\":{\"@type\":\"EntryPoint\",\"urlTemplate\":\"https:\/\/mgabogados.info\/?s={search_term_string}\"},\"query-input\":{\"@type\":\"PropertyValueSpecification\",\"valueRequired\":true,\"valueName\":\"search_term_string\"}}],\"inLanguage\":\"es\"},{\"@type\":\"Organization\",\"@id\":\"https:\/\/mgabogados.info\/#organization\",\"name\":\"MG Abogados\",\"url\":\"https:\/\/mgabogados.info\/\",\"logo\":{\"@type\":\"ImageObject\",\"inLanguage\":\"es\",\"@id\":\"https:\/\/mgabogados.info\/#\/schema\/logo\/image\/\",\"url\":\"https:\/\/mgabogados.info\/wp-content\/uploads\/2025\/03\/favic.png\",\"contentUrl\":\"https:\/\/mgabogados.info\/wp-content\/uploads\/2025\/03\/favic.png\",\"width\":315,\"height\":158,\"caption\":\"MG Abogados\"},\"image\":{\"@id\":\"https:\/\/mgabogados.info\/#\/schema\/logo\/image\/\"}}]}<\/script>\n<!-- \/ Yoast SEO plugin. -->","yoast_head_json":{"title":"Derecho Civil - MG Abogados","robots":{"index":"index","follow":"follow","max-snippet":"max-snippet:-1","max-image-preview":"max-image-preview:large","max-video-preview":"max-video-preview:-1"},"canonical":"https:\/\/mgabogados.info\/index.php\/areas-y-especializaciones\/derecho-civil\/","og_locale":"es_ES","og_type":"article","og_title":"Derecho Civil - MG Abogados","og_description":"Especialistas en derecho civil Familia - Sucesiones - Herencias - Personas - PatrimonialM\u00e1s que abogados, somos tus aliadosEsta \u00e1rea es la m\u00e1s amplia en materias, debido que comprende la gran extensi\u00f3n de nuestro Ordenamiento Jur\u00eddico de derecho privado.Se encarga de regular las relaciones entre las personas en su vida privada y patrimonial, y se divide [&hellip;]","og_url":"https:\/\/mgabogados.info\/index.php\/areas-y-especializaciones\/derecho-civil\/","og_site_name":"MG Abogados","article_modified_time":"2025-09-11T18:13:23+00:00","twitter_card":"summary_large_image","twitter_misc":{"Tiempo de lectura":"9 minutos"},"schema":{"@context":"https:\/\/schema.org","@graph":[{"@type":"WebPage","@id":"https:\/\/mgabogados.info\/index.php\/areas-y-especializaciones\/derecho-civil\/","url":"https:\/\/mgabogados.info\/index.php\/areas-y-especializaciones\/derecho-civil\/","name":"Derecho Civil - MG Abogados","isPartOf":{"@id":"https:\/\/mgabogados.info\/#website"},"datePublished":"2025-01-08T17:04:27+00:00","dateModified":"2025-09-11T18:13:23+00:00","breadcrumb":{"@id":"https:\/\/mgabogados.info\/index.php\/areas-y-especializaciones\/derecho-civil\/#breadcrumb"},"inLanguage":"es","potentialAction":[{"@type":"ReadAction","target":["https:\/\/mgabogados.info\/index.php\/areas-y-especializaciones\/derecho-civil\/"]}]},{"@type":"BreadcrumbList","@id":"https:\/\/mgabogados.info\/index.php\/areas-y-especializaciones\/derecho-civil\/#breadcrumb","itemListElement":[{"@type":"ListItem","position":1,"name":"Portada","item":"https:\/\/mgabogados.info\/"},{"@type":"ListItem","position":2,"name":"\u00c1reas y especializaciones","item":"https:\/\/mgabogados.info\/index.php\/areas-y-especializaciones\/"},{"@type":"ListItem","position":3,"name":"Derecho Civil"}]},{"@type":"WebSite","@id":"https:\/\/mgabogados.info\/#website","url":"https:\/\/mgabogados.info\/","name":"MG Abogados","description":"MG Abogados en el Vendrell","publisher":{"@id":"https:\/\/mgabogados.info\/#organization"},"potentialAction":[{"@type":"SearchAction","target":{"@type":"EntryPoint","urlTemplate":"https:\/\/mgabogados.info\/?s={search_term_string}"},"query-input":{"@type":"PropertyValueSpecification","valueRequired":true,"valueName":"search_term_string"}}],"inLanguage":"es"},{"@type":"Organization","@id":"https:\/\/mgabogados.info\/#organization","name":"MG Abogados","url":"https:\/\/mgabogados.info\/","logo":{"@type":"ImageObject","inLanguage":"es","@id":"https:\/\/mgabogados.info\/#\/schema\/logo\/image\/","url":"https:\/\/mgabogados.info\/wp-content\/uploads\/2025\/03\/favic.png","contentUrl":"https:\/\/mgabogados.info\/wp-content\/uploads\/2025\/03\/favic.png","width":315,"height":158,"caption":"MG Abogados"},"image":{"@id":"https:\/\/mgabogados.info\/#\/schema\/logo\/image\/"}}]}},"_links":{"self":[{"href":"https:\/\/mgabogados.info\/index.php\/wp-json\/wp\/v2\/pages\/19","targetHints":{"allow":["GET"]}}],"collection":[{"href":"https:\/\/mgabogados.info\/index.php\/wp-json\/wp\/v2\/pages"}],"about":[{"href":"https:\/\/mgabogados.info\/index.php\/wp-json\/wp\/v2\/types\/page"}],"author":[{"embeddable":true,"href":"https:\/\/mgabogados.info\/index.php\/wp-json\/wp\/v2\/users\/1"}],"replies":[{"embeddable":true,"href":"https:\/\/mgabogados.info\/index.php\/wp-json\/wp\/v2\/comments?post=19"}],"version-history":[{"count":40,"href":"https:\/\/mgabogados.info\/index.php\/wp-json\/wp\/v2\/pages\/19\/revisions"}],"predecessor-version":[{"id":385660,"href":"https:\/\/mgabogados.info\/index.php\/wp-json\/wp\/v2\/pages\/19\/revisions\/385660"}],"up":[{"embeddable":true,"href":"https:\/\/mgabogados.info\/index.php\/wp-json\/wp\/v2\/pages\/17"}],"wp:attachment":[{"href":"https:\/\/mgabogados.info\/index.php\/wp-json\/wp\/v2\/media?parent=19"}],"curies":[{"name":"wp","href":"https:\/\/api.w.org\/{rel}","templated":true}]}}