{"id":21,"date":"2025-01-08T17:04:44","date_gmt":"2025-01-08T17:04:44","guid":{"rendered":"https:\/\/charming-grothendieck.82-223-216-36.plesk.page\/?page_id=21"},"modified":"2025-03-14T17:07:08","modified_gmt":"2025-03-14T17:07:08","slug":"derecho-laboral","status":"publish","type":"page","link":"https:\/\/mgabogados.info\/index.php\/areas-y-especializaciones\/derecho-laboral\/","title":{"rendered":"Derecho Laboral"},"content":{"rendered":"<p>[et_pb_section fb_built=\u00bb1&#8243; _builder_version=\u00bb4.27.4&#8243; _module_preset=\u00bbdefault\u00bb background_image=\u00bbhttps:\/\/mgabogados.info\/wp-content\/uploads\/2025\/01\/IMG_2855-scaled.jpg\u00bb min_height=\u00bb50vh\u00bb height=\u00bb50vh\u00bb custom_padding=\u00bb130px||130px||true|\u00bb global_colors_info=\u00bb{}\u00bb][et_pb_row _builder_version=\u00bb4.27.4&#8243; _module_preset=\u00bbdefault\u00bb global_colors_info=\u00bb{}\u00bb][et_pb_column type=\u00bb4_4&#8243; _builder_version=\u00bb4.27.4&#8243; _module_preset=\u00bbdefault\u00bb global_colors_info=\u00bb{}\u00bb][et_pb_text _builder_version=\u00bb4.27.4&#8243; _module_preset=\u00bbdefault\u00bb header_font=\u00bbMarcellus||||||||\u00bb header_text_align=\u00bbcenter\u00bb header_text_color=\u00bb#FFFFFF\u00bb header_font_size=\u00bb55px\u00bb global_colors_info=\u00bb{}\u00bb]<\/p>\n<h1>Especialistas en derecho laboral<\/h1>\n<p>[\/et_pb_text][\/et_pb_column][\/et_pb_row][\/et_pb_section][et_pb_section fb_built=\u00bb1&#8243; custom_padding_last_edited=\u00bbon|tablet\u00bb admin_label=\u00bbBond Content &#8211; Grace\u00bb _builder_version=\u00bb4.17.6&#8243; _module_preset=\u00bbdefault\u00bb custom_padding=\u00bb50px||4px||false|false\u00bb custom_padding_tablet=\u00bb50px||0px||false|false\u00bb custom_padding_phone=\u00bb50px||0px||false|false\u00bb collapsed=\u00bbon\u00bb global_colors_info=\u00bb{}\u00bb][et_pb_row admin_label=\u00bbBond Content &#8211; Grace &#8211; Row\u00bb _builder_version=\u00bb4.17.6&#8243; _module_preset=\u00bbdefault\u00bb width=\u00bb90%\u00bb max_width=\u00bb1170px\u00bb custom_padding=\u00bb||0px||false|false\u00bb global_colors_info=\u00bb{}\u00bb][et_pb_column type=\u00bb4_4&#8243; _builder_version=\u00bb4.17.6&#8243; _module_preset=\u00bbdefault\u00bb global_colors_info=\u00bb{}\u00bb][et_pb_cta admin_label=\u00bbBond Content &#8211; Grace &#8211; Call To Action &#8211; Work process\u00bb _builder_version=\u00bb4.27.4&#8243; _module_preset=\u00bbdefault\u00bb header_font=\u00bbBarlow|500|||||||\u00bb header_text_color=\u00bb#d1ab7d\u00bb header_font_size=\u00bb16px\u00bb header_line_height=\u00bb120%\u00bb body_font=\u00bbMarcellus||||||||\u00bb body_text_color=\u00bb#2c396b\u00bb body_font_size=\u00bb38px\u00bb body_line_height=\u00bb120%\u00bb use_background_color=\u00bboff\u00bb body_font_size_tablet=\u00bb30px\u00bb body_font_size_phone=\u00bb26px\u00bb body_font_size_last_edited=\u00bbon|tablet\u00bb custom_css_after=\u00bb    content: %22%22;||    display: block;||    width: 75px;||    height: 3px;||    background-color: #d1ab7d;||    margin: 5px auto 0;\u00bb custom_css_promo_title=\u00bb    padding-bottom: 10px;\u00bb global_colors_info=\u00bb{}\u00bb]<\/p>\n<p>M\u00e1s que abogados, somos tus aliados<\/p>\n<p>[\/et_pb_cta][\/et_pb_column][\/et_pb_row][et_pb_row use_custom_gutter=\u00bbon\u00bb gutter_width=\u00bb2&#8243; admin_label=\u00bbBond Content &#8211; Grace &#8211; Row\u00bb _builder_version=\u00bb4.17.6&#8243; _module_preset=\u00bbdefault\u00bb width=\u00bb90%\u00bb max_width=\u00bb1170px\u00bb custom_padding=\u00bb40px||||false|false\u00bb global_colors_info=\u00bb{}\u00bb][et_pb_column type=\u00bb4_4&#8243; _builder_version=\u00bb4.17.6&#8243; _module_preset=\u00bbdefault\u00bb custom_padding=\u00bb|||39px|false|false\u00bb custom_css_before=\u00bb    content: %22%22;||    display: block;||    width: 20px;||    height: 2px;||    background-color: #d1ab7d;||    position: absolute;||    top: 22px;||left: 0;\u00bb global_colors_info=\u00bb{}\u00bb][et_pb_text disabled_on=\u00bbon|on|on\u00bb admin_label=\u00bbBond Content &#8211; Grace &#8211; Text &#8211; 01&#8243; _builder_version=\u00bb4.27.4&#8243; _module_preset=\u00bbdefault\u00bb text_font=\u00bbBarlow|500|||||||\u00bb text_text_color=\u00bb#d1ab7d\u00bb text_line_height=\u00bb120%\u00bb custom_margin=\u00bb||10px||false|false\u00bb disabled=\u00bbon\u00bb global_colors_info=\u00bb{}\u00bb]<\/p>\n<p>01.<\/p>\n<p>[\/et_pb_text][et_pb_cta title=\u00bbDERECHO LABORAL\u00bb admin_label=\u00bbBond Content &#8211; Grace &#8211; Call To Action &#8211; Brainstorming\u00bb _builder_version=\u00bb4.27.4&#8243; _module_preset=\u00bbdefault\u00bb header_font=\u00bb&#8211;et_global_heading_font|500|||||||\u00bb header_text_color=\u00bb#2c396b\u00bb header_font_size=\u00bb24px\u00bb header_line_height=\u00bb120%\u00bb body_font=\u00bb&#8211;et_global_body_font||||||||\u00bb body_text_color=\u00bb#968f8d\u00bb body_line_height=\u00bb170%\u00bb use_background_color=\u00bboff\u00bb text_orientation=\u00bbleft\u00bb max_width_tablet=\u00bb100%\u00bb max_width_phone=\u00bb100%\u00bb max_width_last_edited=\u00bbon|phone\u00bb hover_enabled=\u00bb0&#8243; header_font_size_tablet=\u00bb24px\u00bb header_font_size_phone=\u00bb20px\u00bb header_font_size_last_edited=\u00bbon|phone\u00bb custom_css_promo_description=\u00bbpadding-bottom: 0;\u00bb custom_css_promo_title=\u00bb    padding-bottom: 7px;\u00bb global_colors_info=\u00bb{}\u00bb sticky_enabled=\u00bb0&#8243;]<\/p>\n<p style=\"text-align: justify;\">Es el conjunto de normas y principios que regulan las relaciones entre empleadores y trabajadores, as\u00ed como las condiciones de trabajo y los derechos y deberes de ambas partes. Su objetivo principal es garantizar un trato justo y equitativo a los trabajadores, proteger sus derechos laborales fundamentales y establecer las bases para una convivencia armoniosa en el entorno laboral.<br \/>Sus principales aspectos son:<\/p>\n<ul style=\"text-align: justify;\">\n<li>Un trato digno y respetuoso, protegiendo sus derechos fundamentales y evitando abusos por parte de los empleadores.<\/li>\n<li>Unas base justas y equitativas evitando la explotaci\u00f3n laboral y promoviendo condiciones de trabajo adecuadas.<\/li>\n<li>Contribuye a la estabilidad del mercado laboral al establecer normas claras para la contrataci\u00f3n, la remuneraci\u00f3n y las condiciones de empleo.<\/li>\n<li>Promociona la productividad, un entorno laboral justo y seguro fomenta la satisfacci\u00f3n y el compromiso de los trabajadores.<\/li>\n<li>La existencia de normas y procedimientos claros ayuda a prevenir conflictos laborales y proporciona herramientas para resolverlos de manera adecuada y justa.<\/li>\n<li>Un adecuado marco legal de trabajo promueve la igualdad de oportunidades y el bienestar social, mejorando la calidad de vida de los trabajadores y sus familias.<\/li>\n<\/ul>\n<p style=\"text-align: justify;\">Los abogados laboralistas son profesionales expertos en los asuntos defendidos ante el orden jurisdiccional social. Dadas las particularidades de este orden, lo mejor es que, cuando tengas que acudir a este, cuentes con un asesoramiento profesional.<\/p>\n<p>[\/et_pb_cta][\/et_pb_column][\/et_pb_row][et_pb_row _builder_version=\u00bb4.27.4&#8243; _module_preset=\u00bbdefault\u00bb global_colors_info=\u00bb{}\u00bb][et_pb_column type=\u00bb4_4&#8243; _builder_version=\u00bb4.27.4&#8243; _module_preset=\u00bbdefault\u00bb global_colors_info=\u00bb{}\u00bb][et_pb_cta button_url=\u00bb\/index.php\/contacto\/\u00bb button_text=\u00bbCont\u00e1ctanos\u00bb _builder_version=\u00bb4.27.4&#8243; _module_preset=\u00bbf189b9d7-7e0d-48ab-a150-f003123cab1c\u00bb global_colors_info=\u00bb{}\u00bb]<\/p>\n<p>Para resolver este problema lo ideal ser\u00eda contactar con un abogado laboralista.<\/p>\n<p>Si es tu caso, puedes contactar con nosotros para exponernos tu situaci\u00f3n, pedirnos presupuesto o sencillamente hacernos una consulta al respecto.<\/p>\n<p>[\/et_pb_cta][\/et_pb_column][\/et_pb_row][\/et_pb_section][et_pb_section fb_built=\u00bb1&#8243; _builder_version=\u00bb4.27.4&#8243; _module_preset=\u00bbdefault\u00bb background_color=\u00bb#f9f9f9&#8243; global_colors_info=\u00bb{}\u00bb][et_pb_row _builder_version=\u00bb4.27.4&#8243; _module_preset=\u00bbdefault\u00bb global_colors_info=\u00bb{}\u00bb][et_pb_column type=\u00bb4_4&#8243; _builder_version=\u00bb4.27.4&#8243; _module_preset=\u00bbdefault\u00bb global_colors_info=\u00bb{}\u00bb][et_pb_cta title=\u00bbTe ayudamos con nuestros servicios de derecho laboral relacionados con:\u00bb admin_label=\u00bbBond Content &#8211; Grace &#8211; Call To Action &#8211; Brainstorming\u00bb module_id=\u00bbherencias\u00bb _builder_version=\u00bb4.27.4&#8243; _module_preset=\u00bbdefault\u00bb header_font=\u00bb&#8211;et_global_heading_font|500|||||||\u00bb header_text_color=\u00bb#2c396b\u00bb header_font_size=\u00bb24px\u00bb header_line_height=\u00bb120%\u00bb body_font=\u00bb&#8211;et_global_body_font||||||||\u00bb body_text_color=\u00bb#968f8d\u00bb body_line_height=\u00bb170%\u00bb use_background_color=\u00bboff\u00bb text_orientation=\u00bbleft\u00bb max_width_tablet=\u00bb100%\u00bb max_width_phone=\u00bb100%\u00bb max_width_last_edited=\u00bbon|phone\u00bb hover_enabled=\u00bb0&#8243; header_font_size_tablet=\u00bb24px\u00bb header_font_size_phone=\u00bb20px\u00bb header_font_size_last_edited=\u00bbon|phone\u00bb custom_css_promo_description=\u00bbpadding-bottom: 0;\u00bb custom_css_promo_title=\u00bb    padding-bottom: 7px;\u00bb global_colors_info=\u00bb{}\u00bb sticky_enabled=\u00bb0&#8243;]<\/p>\n<ul>\n<li style=\"text-align: justify;\">Contratos (trabajo a distancia, teletrabajo, trabajo presencial)<\/li>\n<li style=\"text-align: justify;\">Despidos disciplinario, objetivo, procedente, improcedente, colectivo, individual (ERE)<\/li>\n<li style=\"text-align: justify;\">Reclamaci\u00f3n de cantidades y derechos (salarios pendientes, reconocimiento de categor\u00eda profesional, gesti\u00f3n en FOGASA). C\u00e1lculo del finiquito.<\/li>\n<li style=\"text-align: justify;\">Expedientes de Regulaci\u00f3n de Empleo Temporal (ERTE) o Extintivo (ERE)<\/li>\n<li style=\"text-align: justify;\">Infracci\u00f3n y sanciones de la inspecci\u00f3n de Trabajo y Seguridad Social<\/li>\n<li style=\"text-align: justify;\">Convenios colectivos (modificaci\u00f3n sustancial condiciones de trabajo, reducci\u00f3n de jornada, permisos y excedencias, cl\u00e1usulas de los contratos de trabajo)<\/li>\n<li style=\"text-align: justify;\">Impugnaci\u00f3n de sanciones laborales, altas m\u00e9dicas.<\/li>\n<li style=\"text-align: justify;\">Acoso laboral (Mobbing).Discriminaci\u00f3n en el trabajo.<\/li>\n<li style=\"text-align: justify;\">Demandas y recursos<\/li>\n<li style=\"text-align: justify;\">Pensiones, incapacidades<\/li>\n<li style=\"text-align: justify;\">Condiciones laborales (salario, seguros sociales, vacaciones y descansos, jornadas, etc.)<\/li>\n<li style=\"text-align: justify;\">Accidentes de trabajo. Recargo de Prestaciones de Seguridad social<\/li>\n<li style=\"text-align: justify;\">Prevenci\u00f3n de riesgos laborales<\/li>\n<li style=\"text-align: justify;\">Incumplimiento de normas de prevenci\u00f3n de riesgo laborales. Penal, civil, administrativa y de recargos de la Seguridad social<\/li>\n<li style=\"text-align: justify;\">Representaci\u00f3n en inspecciones Trabajo y Seguridad Social<\/li>\n<\/ul>\n<p>[\/et_pb_cta][\/et_pb_column][\/et_pb_row][\/et_pb_section][et_pb_section fb_built=\u00bb1&#8243; custom_padding_last_edited=\u00bboff|desktop\u00bb admin_label=\u00bbServices Page V2 CTA &#8211; Grace\u00bb _builder_version=\u00bb4.27.4&#8243; background_color=\u00bb#d1ab7d\u00bb custom_padding_tablet=\u00bb60px||60px||false|false\u00bb locked=\u00bboff\u00bb collapsed=\u00bbon\u00bb global_colors_info=\u00bb{}\u00bb][et_pb_row use_custom_gutter=\u00bbon\u00bb custom_padding_last_edited=\u00bboff|phone\u00bb admin_label=\u00bbServices Page V2 CTA &#8211; Grace &#8211; Row\u00bb _builder_version=\u00bb4.27.4&#8243; max_width=\u00bb1170px\u00bb custom_padding=\u00bb0px||0px||false|false\u00bb use_custom_width=\u00bbon\u00bb custom_width_px=\u00bb1170px\u00bb collapsed=\u00bboff\u00bb global_colors_info=\u00bb{}\u00bb][et_pb_column type=\u00bb4_4&#8243; _builder_version=\u00bb4.16&#8243; custom_padding=\u00bb|||\u00bb global_colors_info=\u00bb{}\u00bb custom_padding__hover=\u00bb|||\u00bb][et_pb_cta title=\u00bb\u00bfNecesitas asesoramiento en derecho laboral?\u00bb button_url=\u00bb\/index.php\/contacto\/\u00bb button_text=\u00bbCont\u00e1ctanos\u00bb _builder_version=\u00bb4.27.4&#8243; _module_preset=\u00bbdefault\u00bb header_font=\u00bbBarlow||||||||\u00bb header_font_size=\u00bb18px\u00bb header_line_height=\u00bb1.1em\u00bb body_font=\u00bbMarcellus||||||||\u00bb body_text_color=\u00bb#2c396d\u00bb body_font_size=\u00bb64px\u00bb body_line_height=\u00bb1.4em\u00bb background_enable_color=\u00bboff\u00bb use_background_color=\u00bboff\u00bb custom_button=\u00bbon\u00bb button_text_size=\u00bb20px\u00bb button_border_width=\u00bb2px\u00bb button_font=\u00bbBarlow|500|||||||\u00bb button_use_icon=\u00bboff\u00bb custom_padding=\u00bb29px|0px|29px|0px|true|false\u00bb header_font_size_tablet=\u00bb18px\u00bb header_font_size_phone=\u00bb18px\u00bb header_font_size_last_edited=\u00bbon|phone\u00bb body_font_size_tablet=\u00bb30px\u00bb body_font_size_phone=\u00bb24px\u00bb body_font_size_last_edited=\u00bbon|phone\u00bb button_text_size_tablet=\u00bb18px\u00bb button_text_size_phone=\u00bb18px\u00bb button_text_size_last_edited=\u00bbon|tablet\u00bb custom_css_promo_description=\u00bbmargin-bottom:15px;\u00bb custom_css_promo_title=\u00bbmargin-bottom:15px;\u00bb global_colors_info=\u00bb{}\u00bb button_text_size__hover_enabled=\u00bbon|desktop\u00bb button_text_size__hover=\u00bb22px\u00bb]<\/p>\n<p>Estaremos encantados de atenderte<\/p>\n<p>[\/et_pb_cta][\/et_pb_column][\/et_pb_row][\/et_pb_section]<\/p>\n","protected":false},"excerpt":{"rendered":"<p>Especialistas en derecho laboralM\u00e1s que abogados, somos tus aliados01.Es el conjunto de normas y principios que regulan las relaciones entre empleadores y trabajadores, as\u00ed como las condiciones de trabajo y los derechos y deberes de ambas partes. Su objetivo principal es garantizar un trato justo y equitativo a los trabajadores, proteger sus derechos laborales fundamentales [&hellip;]<\/p>\n","protected":false},"author":1,"featured_media":0,"parent":17,"menu_order":0,"comment_status":"closed","ping_status":"closed","template":"","meta":{"_et_pb_use_builder":"on","_et_pb_old_content":"<!-- wp:divi\/placeholder \/-->","_et_gb_content_width":"","footnotes":""},"class_list":["post-21","page","type-page","status-publish","hentry"],"yoast_head":"<!-- This site is optimized with the Yoast SEO plugin v26.0 - https:\/\/yoast.com\/wordpress\/plugins\/seo\/ -->\n<title>Derecho Laboral - MG Abogados<\/title>\n<meta name=\"robots\" content=\"index, follow, max-snippet:-1, max-image-preview:large, max-video-preview:-1\" \/>\n<link rel=\"canonical\" href=\"https:\/\/mgabogados.info\/index.php\/areas-y-especializaciones\/derecho-laboral\/\" \/>\n<meta property=\"og:locale\" content=\"es_ES\" \/>\n<meta property=\"og:type\" content=\"article\" \/>\n<meta property=\"og:title\" content=\"Derecho Laboral - MG Abogados\" \/>\n<meta property=\"og:description\" content=\"Especialistas en derecho laboralM\u00e1s que abogados, somos tus aliados01.Es el conjunto de normas y principios que regulan las relaciones entre empleadores y trabajadores, as\u00ed como las condiciones de trabajo y los derechos y deberes de ambas partes. Su objetivo principal es garantizar un trato justo y equitativo a los trabajadores, proteger sus derechos laborales fundamentales [&hellip;]\" \/>\n<meta property=\"og:url\" content=\"https:\/\/mgabogados.info\/index.php\/areas-y-especializaciones\/derecho-laboral\/\" \/>\n<meta property=\"og:site_name\" content=\"MG Abogados\" \/>\n<meta property=\"article:modified_time\" content=\"2025-03-14T17:07:08+00:00\" \/>\n<meta name=\"twitter:card\" content=\"summary_large_image\" \/>\n<meta name=\"twitter:label1\" content=\"Tiempo de lectura\" \/>\n\t<meta name=\"twitter:data1\" content=\"7 minutos\" \/>\n<script type=\"application\/ld+json\" class=\"yoast-schema-graph\">{\"@context\":\"https:\/\/schema.org\",\"@graph\":[{\"@type\":\"WebPage\",\"@id\":\"https:\/\/mgabogados.info\/index.php\/areas-y-especializaciones\/derecho-laboral\/\",\"url\":\"https:\/\/mgabogados.info\/index.php\/areas-y-especializaciones\/derecho-laboral\/\",\"name\":\"Derecho Laboral - MG Abogados\",\"isPartOf\":{\"@id\":\"https:\/\/mgabogados.info\/#website\"},\"datePublished\":\"2025-01-08T17:04:44+00:00\",\"dateModified\":\"2025-03-14T17:07:08+00:00\",\"breadcrumb\":{\"@id\":\"https:\/\/mgabogados.info\/index.php\/areas-y-especializaciones\/derecho-laboral\/#breadcrumb\"},\"inLanguage\":\"es\",\"potentialAction\":[{\"@type\":\"ReadAction\",\"target\":[\"https:\/\/mgabogados.info\/index.php\/areas-y-especializaciones\/derecho-laboral\/\"]}]},{\"@type\":\"BreadcrumbList\",\"@id\":\"https:\/\/mgabogados.info\/index.php\/areas-y-especializaciones\/derecho-laboral\/#breadcrumb\",\"itemListElement\":[{\"@type\":\"ListItem\",\"position\":1,\"name\":\"Portada\",\"item\":\"https:\/\/mgabogados.info\/\"},{\"@type\":\"ListItem\",\"position\":2,\"name\":\"\u00c1reas y especializaciones\",\"item\":\"https:\/\/mgabogados.info\/index.php\/areas-y-especializaciones\/\"},{\"@type\":\"ListItem\",\"position\":3,\"name\":\"Derecho Laboral\"}]},{\"@type\":\"WebSite\",\"@id\":\"https:\/\/mgabogados.info\/#website\",\"url\":\"https:\/\/mgabogados.info\/\",\"name\":\"MG Abogados\",\"description\":\"MG Abogados en el Vendrell\",\"publisher\":{\"@id\":\"https:\/\/mgabogados.info\/#organization\"},\"potentialAction\":[{\"@type\":\"SearchAction\",\"target\":{\"@type\":\"EntryPoint\",\"urlTemplate\":\"https:\/\/mgabogados.info\/?s={search_term_string}\"},\"query-input\":{\"@type\":\"PropertyValueSpecification\",\"valueRequired\":true,\"valueName\":\"search_term_string\"}}],\"inLanguage\":\"es\"},{\"@type\":\"Organization\",\"@id\":\"https:\/\/mgabogados.info\/#organization\",\"name\":\"MG Abogados\",\"url\":\"https:\/\/mgabogados.info\/\",\"logo\":{\"@type\":\"ImageObject\",\"inLanguage\":\"es\",\"@id\":\"https:\/\/mgabogados.info\/#\/schema\/logo\/image\/\",\"url\":\"https:\/\/mgabogados.info\/wp-content\/uploads\/2025\/03\/favic.png\",\"contentUrl\":\"https:\/\/mgabogados.info\/wp-content\/uploads\/2025\/03\/favic.png\",\"width\":315,\"height\":158,\"caption\":\"MG Abogados\"},\"image\":{\"@id\":\"https:\/\/mgabogados.info\/#\/schema\/logo\/image\/\"}}]}<\/script>\n<!-- \/ Yoast SEO plugin. -->","yoast_head_json":{"title":"Derecho Laboral - MG Abogados","robots":{"index":"index","follow":"follow","max-snippet":"max-snippet:-1","max-image-preview":"max-image-preview:large","max-video-preview":"max-video-preview:-1"},"canonical":"https:\/\/mgabogados.info\/index.php\/areas-y-especializaciones\/derecho-laboral\/","og_locale":"es_ES","og_type":"article","og_title":"Derecho Laboral - MG Abogados","og_description":"Especialistas en derecho laboralM\u00e1s que abogados, somos tus aliados01.Es el conjunto de normas y principios que regulan las relaciones entre empleadores y trabajadores, as\u00ed como las condiciones de trabajo y los derechos y deberes de ambas partes. Su objetivo principal es garantizar un trato justo y equitativo a los trabajadores, proteger sus derechos laborales fundamentales [&hellip;]","og_url":"https:\/\/mgabogados.info\/index.php\/areas-y-especializaciones\/derecho-laboral\/","og_site_name":"MG Abogados","article_modified_time":"2025-03-14T17:07:08+00:00","twitter_card":"summary_large_image","twitter_misc":{"Tiempo de lectura":"7 minutos"},"schema":{"@context":"https:\/\/schema.org","@graph":[{"@type":"WebPage","@id":"https:\/\/mgabogados.info\/index.php\/areas-y-especializaciones\/derecho-laboral\/","url":"https:\/\/mgabogados.info\/index.php\/areas-y-especializaciones\/derecho-laboral\/","name":"Derecho Laboral - MG Abogados","isPartOf":{"@id":"https:\/\/mgabogados.info\/#website"},"datePublished":"2025-01-08T17:04:44+00:00","dateModified":"2025-03-14T17:07:08+00:00","breadcrumb":{"@id":"https:\/\/mgabogados.info\/index.php\/areas-y-especializaciones\/derecho-laboral\/#breadcrumb"},"inLanguage":"es","potentialAction":[{"@type":"ReadAction","target":["https:\/\/mgabogados.info\/index.php\/areas-y-especializaciones\/derecho-laboral\/"]}]},{"@type":"BreadcrumbList","@id":"https:\/\/mgabogados.info\/index.php\/areas-y-especializaciones\/derecho-laboral\/#breadcrumb","itemListElement":[{"@type":"ListItem","position":1,"name":"Portada","item":"https:\/\/mgabogados.info\/"},{"@type":"ListItem","position":2,"name":"\u00c1reas y especializaciones","item":"https:\/\/mgabogados.info\/index.php\/areas-y-especializaciones\/"},{"@type":"ListItem","position":3,"name":"Derecho Laboral"}]},{"@type":"WebSite","@id":"https:\/\/mgabogados.info\/#website","url":"https:\/\/mgabogados.info\/","name":"MG Abogados","description":"MG Abogados en el Vendrell","publisher":{"@id":"https:\/\/mgabogados.info\/#organization"},"potentialAction":[{"@type":"SearchAction","target":{"@type":"EntryPoint","urlTemplate":"https:\/\/mgabogados.info\/?s={search_term_string}"},"query-input":{"@type":"PropertyValueSpecification","valueRequired":true,"valueName":"search_term_string"}}],"inLanguage":"es"},{"@type":"Organization","@id":"https:\/\/mgabogados.info\/#organization","name":"MG Abogados","url":"https:\/\/mgabogados.info\/","logo":{"@type":"ImageObject","inLanguage":"es","@id":"https:\/\/mgabogados.info\/#\/schema\/logo\/image\/","url":"https:\/\/mgabogados.info\/wp-content\/uploads\/2025\/03\/favic.png","contentUrl":"https:\/\/mgabogados.info\/wp-content\/uploads\/2025\/03\/favic.png","width":315,"height":158,"caption":"MG Abogados"},"image":{"@id":"https:\/\/mgabogados.info\/#\/schema\/logo\/image\/"}}]}},"_links":{"self":[{"href":"https:\/\/mgabogados.info\/index.php\/wp-json\/wp\/v2\/pages\/21","targetHints":{"allow":["GET"]}}],"collection":[{"href":"https:\/\/mgabogados.info\/index.php\/wp-json\/wp\/v2\/pages"}],"about":[{"href":"https:\/\/mgabogados.info\/index.php\/wp-json\/wp\/v2\/types\/page"}],"author":[{"embeddable":true,"href":"https:\/\/mgabogados.info\/index.php\/wp-json\/wp\/v2\/users\/1"}],"replies":[{"embeddable":true,"href":"https:\/\/mgabogados.info\/index.php\/wp-json\/wp\/v2\/comments?post=21"}],"version-history":[{"count":6,"href":"https:\/\/mgabogados.info\/index.php\/wp-json\/wp\/v2\/pages\/21\/revisions"}],"predecessor-version":[{"id":385636,"href":"https:\/\/mgabogados.info\/index.php\/wp-json\/wp\/v2\/pages\/21\/revisions\/385636"}],"up":[{"embeddable":true,"href":"https:\/\/mgabogados.info\/index.php\/wp-json\/wp\/v2\/pages\/17"}],"wp:attachment":[{"href":"https:\/\/mgabogados.info\/index.php\/wp-json\/wp\/v2\/media?parent=21"}],"curies":[{"name":"wp","href":"https:\/\/api.w.org\/{rel}","templated":true}]}}